{"id":176,"date":"2012-05-31T18:56:44","date_gmt":"2012-05-31T23:56:44","guid":{"rendered":"http:\/\/foroporlalibertad.noblogs.org\/?page_id=176"},"modified":"2012-05-31T22:52:46","modified_gmt":"2012-06-01T03:52:46","slug":"alberto-patishtan-gomez","status":"publish","type":"page","link":"https:\/\/foroporlalibertad.noblogs.org\/?page_id=176","title":{"rendered":"Alberto Patishtan G\u00f3mez"},"content":{"rendered":"<p><strong><a href=\"https:\/\/foroporlalibertad.noblogs.org\/files\/2012\/05\/libertad-a-alberto-patishtan.jpg\"><img loading=\"lazy\" decoding=\"async\" class=\"alignright  wp-image-178\" src=\"https:\/\/foroporlalibertad.noblogs.org\/files\/2012\/05\/libertad-a-alberto-patishtan.jpg\" alt=\"\" width=\"195\" height=\"337\" srcset=\"https:\/\/foroporlalibertad.noblogs.org\/files\/2012\/05\/libertad-a-alberto-patishtan.jpg 692w, https:\/\/foroporlalibertad.noblogs.org\/files\/2012\/05\/libertad-a-alberto-patishtan-173x300.jpg 173w, https:\/\/foroporlalibertad.noblogs.org\/files\/2012\/05\/libertad-a-alberto-patishtan-590x1024.jpg 590w, https:\/\/foroporlalibertad.noblogs.org\/files\/2012\/05\/libertad-a-alberto-patishtan-57x100.jpg 57w, https:\/\/foroporlalibertad.noblogs.org\/files\/2012\/05\/libertad-a-alberto-patishtan-86x150.jpg 86w\" sizes=\"auto, (max-width: 195px) 100vw, 195px\" \/><\/a><\/strong><\/p>\n<p>Adherente a La Otra Campa\u00f1a. El profesor Patisht\u00e1n, de origen tzotzil fue condenado a 60 a\u00f1os de prisi\u00f3n de los cuales ha cumplido ya m\u00e1s de 10 a\u00f1os sin libertad. Alberto es maestro e imparti\u00f3 clases en el municipio El Bosque de donde es originario.Interesado en los derechos humanos y en la impartici\u00f3n de justicia en su pueblo, en el a\u00f1o 2000 es detenido y acusado sin prueba alguna de cometer delitos federales como el de portar armas de uso exclusivo del ej\u00e9rcito y el de llevar a cabo homicidio calificado de seis polic\u00edas en una emboscada. El 5 de enero de 2006 se dio a conocer p\u00fablicamente la formaci\u00f3n de La Voz del Amate, un proceso organizativo depresos que, mediante una larga huelga de hambre en el 2008, logr\u00f3 la liberaci\u00f3n de todos sus integrantes menos Alberto Patisht\u00e1n que ten\u00eda cargos federales en su contra. Desde el 20 de octubre de 2011 se encuentra detenido en el penal de m\u00e1xima seguridad\u00a0 de Guasave, Sinaloa, en represalia por encabezar un nueva huelga de hambre en oto\u00f1o de 2011.<\/p>\n<p><strong>Para leer m\u00e1s sobre el caso del Profe Alberto Patisht\u00e1n pueden ir a la pagina<\/strong><\/p>\n<p><strong><a href=\"http:\/\/albertopatishtan.blogspot.mx\/\" target=\"_blank\">http:\/\/albertopatishtan.blogspot.mx<\/a><\/strong><\/p>\n<p><strong>Para leer el caso del Profe contado con sus proprias palabras<\/strong><\/p>\n<p><a href=\"https:\/\/foroporlalibertad.noblogs.org\/?page_id=181\">click aqu\u00ed<\/a><\/p>\n<h2><strong>DATOS PERSONALES <\/strong><\/h2>\n<p><strong>Nombre y apellidos:<\/strong> Alberto Patishtan G\u00f3mez<br \/>\n<strong>Fecha de nacimiento:<\/strong> 19 de abril de 1971<br \/>\n<strong>Lugar de nacimiento:<\/strong> municipio El Bosque<br \/>\n<strong>Estado civil:<\/strong> Divorciado<br \/>\n<strong>Lengua: <\/strong>Tzotzil<br \/>\n<strong>Numero de dependientes econ\u00f3micos: <\/strong>ninguno<br \/>\n<strong>Domicilio actual de la familia:<\/strong> El Bosque<br \/>\n<strong>Organizaci\u00f3n:<\/strong> La Voz del Amate, adherente a la Sexta Declaraci\u00f3n de la Selva Lacandona<br \/>\n<strong>Cargo en la comunidad: <\/strong>dirigente<br \/>\n<strong>Ocupaci\u00f3n:<\/strong> Profesor biling\u00fce<br \/>\n<strong>N\u00ba de expediente:<\/strong> 126\/2000<\/p>\n<p><strong>DETENCI\u00d3N <\/strong><\/p>\n<p>Alberto Patishtan G\u00f3mez fue detenido el d\u00eda 21 de julio del 2000 en el Bosque, Chiapas por elementos de la AFI\u00a0 por delitos que no cometi\u00f3 y que el propio mal gobierno acepta que no est\u00e1n fundados. Los polic\u00edas no se identificaron y no mostraron ninguna orden de aprehensi\u00f3n. Tampoco se le comunic\u00f3 el motivo por el cual lo detuvieron. Al detenerlo lo llevaron a la ciudad de Tuxtla Guti\u00e9rrez. Sufri\u00f3 tortura psicol\u00f3gica, recibiendo insultos y amenazas. En el transcurso de su detenci\u00f3n lo mantuvieron incomunicado. Estuvo arraigado durante 30 d\u00edas y luego fue trasladado en el entonces penal de Cerro Hueco en Tuxtla Guti\u00e9rrez.<\/p>\n<p>Posteriormente se le traslad\u00f3 al Centro Estatal para la Reinserci\u00f3n Social de los Sentenciados (CERSS) No.14 El Amate, en Cintalapa de Figueroa, Chiapas. Nuevamente, el profesor Patishtan fue trasladado, esta vez al CERSS No. 5 de San Crist\u00f3bal de Las Casas Chiapas, donde ha estado hasta al 20 de octubre de 2011, cuando fue trasladado repentinamente a un penal de m\u00e1xima seguridad.<\/p>\n<p><strong> DECLARACI\u00d3N <\/strong><\/p>\n<p>En Tuxtla el Ministerio Publico le tom\u00f3 su declaraci\u00f3n, le obligaron a firmar aunque no estuvo de acuerdo. No tuvo acceso a un abogado defensor ni a un traductor que comprenda la lengua y la cultura tzotzil.<br \/>\nEst\u00e1 acusado de 8 homicidios.<\/p>\n<p><strong>PROCESO <\/strong><\/p>\n<p>Fue sentenciado a 60 a\u00f1os de prisi\u00f3n. Se apel\u00f3 y fue confirmada la sentencia.<\/p>\n<p><strong>CONDICIONES EN PRISI\u00d3N <\/strong><\/p>\n<p>El profesor Patishtan padece de un glaucoma el cual se desarroll\u00f3 dentro de la c\u00e1rcel. No est\u00e1 recibiendo atenci\u00f3n m\u00e9dica al respecto y eso lo pone en riesgo de quedarse ciego, mismo riesgo que\u00a0 ha sido denunciado p\u00fablicamente en varias ocasiones.<\/p>\n<p><strong>IMPACTO DE LA DETENCI\u00d3N SOBRE LA FAMILIA Y\/O COMUNIDAD<\/strong><\/p>\n<p>El encarcelamiento de Alberto Patishtan ha provocado mucha enfermedad, un da\u00f1o econ\u00f3mico fuerte y tristeza. En el 2010, fue trasladado a un hospital en la ciudad de Tuxtla Guti\u00e9rrez, donde lo mantuvieron durante 6 meses esposado a una cama y aislado en una habitaci\u00f3n, con el prop\u00f3sito de aislarlo de su organizaci\u00f3n. Despu\u00e9s lo regresaron nuevamente al CERSS No.5 de San Crist\u00f3bal de Las Casas, Chiapas.<\/p>\n<p>Alberto es de la Otra Campa\u00f1a, adherente a la Sexta Declaraci\u00f3n de la Selva Lacandona, integrante de La Voz del Amate, es un activista de su religi\u00f3n desde la cual promueve la defensa de los derechos humanos.<\/p>\n<p>El profesor Patishtan es un s\u00edmbolo del movimiento por la libertad: inici\u00f3, junto con La Voz del Amate, la huelga de hambre de 41 d\u00edas que en 2008 permiti\u00f3 la liberaci\u00f3n de casi todos los miembros de La Voz del Amate y de otros penales del estado de Chiapas tambi\u00e9n.<\/p>\n<p>El 29 de septiembre de 2011 empez\u00f3 un ayuno para exigir su liberaci\u00f3n y la de sus compa\u00f1eros que emprendieron una huelga de hambre. Por represalia, el 20 de octubre de 2011 fue trasladado forzosamente a un penal de m\u00e1xima seguridad.<\/p>\n","protected":false},"excerpt":{"rendered":"<p>Adherente a La Otra Campa\u00f1a. El profesor Patisht\u00e1n, de origen tzotzil fue condenado a 60 a\u00f1os de prisi\u00f3n de los cuales ha cumplido ya m\u00e1s de 10 a\u00f1os sin libertad. Alberto es maestro e imparti\u00f3 clases en el municipio El Bosque de donde es originario.Interesado en los derechos humanos y en la impartici\u00f3n de justicia&hellip;<\/p>\n","protected":false},"author":5288,"featured_media":0,"parent":234,"menu_order":0,"comment_status":"closed","ping_status":"closed","template":"","meta":{"footnotes":""},"class_list":["post-176","page","type-page","status-publish","hentry"],"_links":{"self":[{"href":"https:\/\/foroporlalibertad.noblogs.org\/index.php?rest_route=\/wp\/v2\/pages\/176","targetHints":{"allow":["GET"]}}],"collection":[{"href":"https:\/\/foroporlalibertad.noblogs.org\/index.php?rest_route=\/wp\/v2\/pages"}],"about":[{"href":"https:\/\/foroporlalibertad.noblogs.org\/index.php?rest_route=\/wp\/v2\/types\/page"}],"author":[{"embeddable":true,"href":"https:\/\/foroporlalibertad.noblogs.org\/index.php?rest_route=\/wp\/v2\/users\/5288"}],"replies":[{"embeddable":true,"href":"https:\/\/foroporlalibertad.noblogs.org\/index.php?rest_route=%2Fwp%2Fv2%2Fcomments&post=176"}],"version-history":[{"count":9,"href":"https:\/\/foroporlalibertad.noblogs.org\/index.php?rest_route=\/wp\/v2\/pages\/176\/revisions"}],"predecessor-version":[{"id":236,"href":"https:\/\/foroporlalibertad.noblogs.org\/index.php?rest_route=\/wp\/v2\/pages\/176\/revisions\/236"}],"up":[{"embeddable":true,"href":"https:\/\/foroporlalibertad.noblogs.org\/index.php?rest_route=\/wp\/v2\/pages\/234"}],"wp:attachment":[{"href":"https:\/\/foroporlalibertad.noblogs.org\/index.php?rest_route=%2Fwp%2Fv2%2Fmedia&parent=176"}],"curies":[{"name":"wp","href":"https:\/\/api.w.org\/{rel}","templated":true}]}}