{"id":191,"date":"2012-05-31T19:27:34","date_gmt":"2012-06-01T00:27:34","guid":{"rendered":"http:\/\/foroporlalibertad.noblogs.org\/?page_id=191"},"modified":"2012-06-06T16:13:26","modified_gmt":"2012-06-06T21:13:26","slug":"pedro-lopez-jimenez","status":"publish","type":"page","link":"https:\/\/foroporlalibertad.noblogs.org\/?page_id=191","title":{"rendered":"Pedro L\u00f3pez Jim\u00e9nez"},"content":{"rendered":"<p><strong>DATOS PERSONALES <a href=\"https:\/\/foroporlalibertad.noblogs.org\/files\/2012\/05\/pedro.jpg\"><img loading=\"lazy\" decoding=\"async\" class=\"alignright size-medium wp-image-364\" src=\"https:\/\/foroporlalibertad.noblogs.org\/files\/2012\/05\/pedro-247x300.jpg\" alt=\"\" width=\"247\" height=\"300\" srcset=\"https:\/\/foroporlalibertad.noblogs.org\/files\/2012\/05\/pedro-247x300.jpg 247w, https:\/\/foroporlalibertad.noblogs.org\/files\/2012\/05\/pedro-82x100.jpg 82w, https:\/\/foroporlalibertad.noblogs.org\/files\/2012\/05\/pedro-123x150.jpg 123w, https:\/\/foroporlalibertad.noblogs.org\/files\/2012\/05\/pedro.jpg 665w\" sizes=\"auto, (max-width: 247px) 100vw, 247px\" \/><\/a><\/strong><\/p>\n<p><strong>Nombre y apellidos:<\/strong> Pedro L\u00f3pez Jim\u00e9nez.<br \/>\n<strong>Fecha de nacimiento<\/strong>: 7 de diciembre de 1980.<br \/>\n<strong>Lugar de nacimiento:<\/strong> Colonia Sibactel municipio de Tenejapa.<br \/>\n<strong>Estado civil:<\/strong> Casado.<br \/>\n<strong>Lengua:<\/strong> Tseltal.<br \/>\n<strong>Numero de dependientes econ\u00f3micos:<\/strong> 5 hijos y esposa pero no puede mantenerlos debido a los escasos ingresos.<br \/>\n<strong>Domicilio actual de la familia:<\/strong> Colonia Sibactel municipio de Tenejapa.<br \/>\n<strong>Organizaci\u00f3n:<\/strong> Solidarios de la Voz del Amate.<br \/>\n<strong>Cargo en la comunidad:<\/strong> 1er vocal presidente de educaci\u00f3n.<br \/>\n<strong>Ocupaci\u00f3n:<\/strong> Comerciante.<br \/>\n<strong>N\u00ba de expediente:<\/strong> 056\/2007<\/p>\n<p><strong>DETENCI\u00d3N<\/strong><\/p>\n<p>Pedro L\u00f3pez Jim\u00e9nez fue detenido el d\u00eda 10 de mayo del 2007 en San Crist\u00f3bal de las Casas por la polic\u00eda judicial. Los polic\u00edas no mostraron identificaci\u00f3n ni orden de aprehensi\u00f3n. Tampoco se le comunic\u00f3 el motivo por el cual lo detuvieron. Cuando fue detenido lo trasladaron a un lugar que desconoce, una casa sin distintivos de ning\u00fan tipo. En esta casa fue torturado. En repetidas ocasiones se le asfixi\u00f3 con una bolsa de pl\u00e1stico, se le introdujo su cabeza en un balde con agua con intenci\u00f3n de asfixiarlo, le taparon los ojos con un trapo con alguna sustancia, posiblemente chile pues sus ojos le ard\u00edan y le aplicaron descargas el\u00e9ctricas. Fue apaleado hasta caer desmayado por un n\u00famero indeterminado de polic\u00edas ya que eran muchos. En el transcurso de su detenci\u00f3n lo mantuvieron incomunicado, no tuvo acceso a un abogado ni a visita familiar.<br \/>\nEn el momento de la detenci\u00f3n no pertenec\u00eda a ninguna organizaci\u00f3n.<\/p>\n<p><strong>DECLARACI\u00d3N<\/strong><\/p>\n<p>La declaraci\u00f3n se firm\u00f3 en el mismo lugar donde se le tortur\u00f3. Le obligaron a firmar varios papeles en blanco. Al d\u00eda siguiente se le condujo al Ministerio Publico. Ah\u00ed mediante la intervenci\u00f3n de alguien perteneciente al Ministerio P\u00fablico se ratific\u00f3 la declaraci\u00f3n que los polic\u00edas entregaron. Durante las declaraciones no estuvo presente un abogado defensor ni un traductor que comprenda la lengua y las tradiciones tseltales. Despu\u00e9s del Ministerio P\u00fablico lo trasladaron a otra casa, y de ah\u00ed al CERSS n\u00ba5 de San Crist\u00f3bal de las Casas.<br \/>\nLa acusaci\u00f3n es de delito de secuestro y violaci\u00f3n.<\/p>\n<p><strong>PROCESO<\/strong><\/p>\n<p>Le dictaron auto formal de prisi\u00f3n 9 d\u00edas despu\u00e9s de su ingreso al CERSS n\u00ba5 de San Crist\u00f3bal de las Casas. Fue sentenciado a 37 a\u00f1os de prisi\u00f3n. Se apel\u00f3 y fue confirmada la sentencia. El abogado de oficio que lleva su caso no lo mantiene informado del proceso judicial.<\/p>\n<p><strong>CONDICIONES EN PRISI\u00d3N<\/strong><\/p>\n<p>Pedro padece las siguientes enfermedades: Dolor de cabeza agudo, problemas en la vista y fuertes dolores en las rodillas que a veces le imposibilitan caminar con naturalidad. Todas ellas se manifestaron estando en prisi\u00f3n. La alimentaci\u00f3n que reciben los presos del CERSS n\u00ba5 se encuentran en estado de descomposici\u00f3n, a veces se enferman de su est\u00f3mago por haber ingerido alimentos en mal estado.<br \/>\nEl estado de hacinamiento en el cual viven es preocupante. La prisi\u00f3n est\u00e1 fuertemente sobrepoblada, las celdas miden 3 metros de ancho por 3.50 de largo, en este espacio duermen m\u00ednimo 10 personas.<br \/>\nLas visitas se reciben con normalidad, en el caso de Pedro sus familiares y amigos vienen a visitarlo siempre que pueden.<br \/>\nNo ha recibido traslado de penal alguno.<br \/>\nSus ingresos econ\u00f3micos provienen de las artesan\u00edas que elabora junto con los compa\u00f1eros de su organizaci\u00f3n, pero es un una entrada m\u00ednima de dinero.<\/p>\n<p><strong>IMPACTO DE LA DETENCI\u00d3N SOBRE LA FAMILIA Y\/O COMUNIDAD<\/strong><\/p>\n<p>La esposa que era quien se encargaba de criar a los hijos tuvo que comenzar a trabajar asalariadamente, empezar a regirse por otra forma diferente de empleo en una situaci\u00f3n muy dolorosa sobre todo a nivel familiar. Tambi\u00e9n en su comunidad ha sido un gran impacto a nivel afectivo. Su familia se ha sumado a las acciones que se han hecho en defensa de los presos.<br \/>\nPedro es miembro de la organizaci\u00f3n de Los Solidarios de la Voz del Amate. Desde esta organizaci\u00f3n ha practicado ayunos como forma de denuncia y de presi\u00f3n, denuncias p\u00fablicas reivindicando mejoras sanitarias y alimenticias, y denunciando el estado de hacinamiento que viven. Particip\u00f3 en los hechos que acontecieron a partir del 9 de junio de 2011 donde 580 presos del CERSS n\u00ba5 se declararon en huelga de hambre.<br \/>\nProtagoniz\u00f3 la huelga de hambre que empez\u00f3 el 29 de septiembre del 2011 en el CERSS 5 y que tuvo una duraci\u00f3n de 39 d\u00edas, con la finalidad de exigir la liberaci\u00f3n inmediata de todos los compa\u00f1eros.<br \/>\nPedro mantiene un firme compromiso con sus compa\u00f1eros y la lucha desde dentro.<\/p>\n","protected":false},"excerpt":{"rendered":"<p>DATOS PERSONALES Nombre y apellidos: Pedro L\u00f3pez Jim\u00e9nez. Fecha de nacimiento: 7 de diciembre de 1980. Lugar de nacimiento: Colonia Sibactel municipio de Tenejapa. Estado civil: Casado. Lengua: Tseltal. Numero de dependientes econ\u00f3micos: 5 hijos y esposa pero no puede mantenerlos debido a los escasos ingresos. Domicilio actual de la familia: Colonia Sibactel municipio de&hellip;<\/p>\n","protected":false},"author":5288,"featured_media":0,"parent":234,"menu_order":0,"comment_status":"closed","ping_status":"closed","template":"","meta":{"footnotes":""},"class_list":["post-191","page","type-page","status-publish","hentry"],"_links":{"self":[{"href":"https:\/\/foroporlalibertad.noblogs.org\/index.php?rest_route=\/wp\/v2\/pages\/191","targetHints":{"allow":["GET"]}}],"collection":[{"href":"https:\/\/foroporlalibertad.noblogs.org\/index.php?rest_route=\/wp\/v2\/pages"}],"about":[{"href":"https:\/\/foroporlalibertad.noblogs.org\/index.php?rest_route=\/wp\/v2\/types\/page"}],"author":[{"embeddable":true,"href":"https:\/\/foroporlalibertad.noblogs.org\/index.php?rest_route=\/wp\/v2\/users\/5288"}],"replies":[{"embeddable":true,"href":"https:\/\/foroporlalibertad.noblogs.org\/index.php?rest_route=%2Fwp%2Fv2%2Fcomments&post=191"}],"version-history":[{"count":3,"href":"https:\/\/foroporlalibertad.noblogs.org\/index.php?rest_route=\/wp\/v2\/pages\/191\/revisions"}],"predecessor-version":[{"id":365,"href":"https:\/\/foroporlalibertad.noblogs.org\/index.php?rest_route=\/wp\/v2\/pages\/191\/revisions\/365"}],"up":[{"embeddable":true,"href":"https:\/\/foroporlalibertad.noblogs.org\/index.php?rest_route=\/wp\/v2\/pages\/234"}],"wp:attachment":[{"href":"https:\/\/foroporlalibertad.noblogs.org\/index.php?rest_route=%2Fwp%2Fv2%2Fmedia&parent=191"}],"curies":[{"name":"wp","href":"https:\/\/api.w.org\/{rel}","templated":true}]}}