{"id":194,"date":"2012-05-31T19:44:07","date_gmt":"2012-06-01T00:44:07","guid":{"rendered":"http:\/\/foroporlalibertad.noblogs.org\/?page_id=194"},"modified":"2012-06-06T16:05:13","modified_gmt":"2012-06-06T21:05:13","slug":"alejandro-diaz-santis","status":"publish","type":"page","link":"https:\/\/foroporlalibertad.noblogs.org\/?page_id=194","title":{"rendered":"Alejandro D\u00edaz Santis"},"content":{"rendered":"<p><strong>DATOS PERSONALES<a href=\"https:\/\/foroporlalibertad.noblogs.org\/files\/2012\/05\/alejandro.jpg\"><img loading=\"lazy\" decoding=\"async\" class=\"alignright size-medium wp-image-353\" src=\"https:\/\/foroporlalibertad.noblogs.org\/files\/2012\/05\/alejandro-241x300.jpg\" alt=\"\" width=\"241\" height=\"300\" srcset=\"https:\/\/foroporlalibertad.noblogs.org\/files\/2012\/05\/alejandro-241x300.jpg 241w, https:\/\/foroporlalibertad.noblogs.org\/files\/2012\/05\/alejandro-823x1024.jpg 823w, https:\/\/foroporlalibertad.noblogs.org\/files\/2012\/05\/alejandro-80x100.jpg 80w, https:\/\/foroporlalibertad.noblogs.org\/files\/2012\/05\/alejandro-120x150.jpg 120w, https:\/\/foroporlalibertad.noblogs.org\/files\/2012\/05\/alejandro.jpg 825w\" sizes=\"auto, (max-width: 241px) 100vw, 241px\" \/><\/a><\/strong><\/p>\n<p><strong>Nombre y apellidos:<\/strong> Alejandro D\u00edaz Santis<br \/>\n<strong>Fecha de nacimiento<\/strong>: 25 de octubre de 1980<br \/>\n<strong>Lugar de nacimiento:<\/strong> Tzoeptic municipio de Mitontic<br \/>\n<strong>Estado civil:<\/strong> Uni\u00f3n libre<br \/>\n<strong>Lengua:<\/strong> tsotsil<br \/>\n<strong>Numero de dependientes econ\u00f3micos:<\/strong> Esposa y seis hijos pero no puede mantenerlos debido a los escasos ingresos.<br \/>\n<strong>Domicilio actual de la familia:<\/strong> Tzoeptic municipio de Mitontic<br \/>\n<strong>Organizaci\u00f3n:<\/strong> Solidarios de la Voz del Amate<br \/>\n<strong>Cargo en la comunidad:<\/strong> Ninguno<br \/>\n<strong>Ocupaci\u00f3n:<\/strong> Campesino<br \/>\n<strong>N\u00ba de expediente:<\/strong> 162\/99<br \/>\n<strong><br \/>\nDETENCI\u00d3N<\/strong><\/p>\n<p>Alejandro D\u00edaz Santis fue detenido por la polic\u00eda judicial en Veracruz. Los polic\u00edas que lo detuvieron no mostraron identificaci\u00f3n ni orden de aprehensi\u00f3n. Tampoco le dijeron el motivo por el cual lo deten\u00edan. De ah\u00ed fue conducido al Ministerio P\u00fablico. Mientras estuvo detenido en el Ministerio P\u00fablico recibi\u00f3 golpes, pu\u00f1etazos y patadas, tambi\u00e9n le golpearon la cabeza con la cacha de una pistola y gasearon sus ojos. En ning\u00fan momento pudo comunicar con nadie mientras estuvo detenido. Alejandro no participaba en ninguna organizaci\u00f3n cuando fue detenido.<\/p>\n<p><strong>DECLARACI\u00d3N<\/strong><\/p>\n<p>El mismo d\u00eda de la detenci\u00f3n se le tom\u00f3 declaraci\u00f3n en el Ministerio P\u00fablico. No tuvo abogado defensor ni un traductor adecuado. No le leyeron la declaraci\u00f3n, por lo tanto no estuvo de acuerdo con ella. Firm\u00f3 la declaraci\u00f3n por la presi\u00f3n de la tortura y el miedo a que se repitiese. Del Ministerio P\u00fablico fue trasladado al CERSS Ignacio Allende de Veracruz bajo la acusaci\u00f3n de homicidio y violaci\u00f3n.<\/p>\n<p><strong>PROCESO<\/strong><\/p>\n<p>Despu\u00e9s de aproximadamente una semana de su reclusi\u00f3n se le dict\u00f3 auto formal de prisi\u00f3n. Le sentenciaron a 30 a\u00f1os de prisi\u00f3n. Apel\u00f3 la condena y se la rebajaron seis meses.<br \/>\nEl abogado defensor de oficio no lo mantiene informado del proceso.<\/p>\n<p><strong>CONDICIONES EN PRISI\u00d3N<\/strong><\/p>\n<p>Como muchas de las personas que est\u00e1n obligadas a permanecer entre muros, Alejandro adolece de problemas visuales, para esta dolencia que es resultado l\u00f3gico del encierro no recibe medicamento alguno. En general todos los servicios que la instituci\u00f3n penitenciaria est\u00e1 obligada a darles a los presos son o pr\u00e1cticamente inexistentes como es el caso de la atenci\u00f3n m\u00e9dica y las medicinas, o de una calidad \u00ednfima. Alejandro recibe con normalidad visitas familiares y de compa\u00f1eros.<br \/>\nHa sido trasladado en varias ocasiones. Del CERSS Ignacio Allende (Veracruz) fue trasladado por estar sobrepoblado al CERSS de Perote (Veracruz). De ah\u00ed pidi\u00f3 traslado al CERSS n\u00ba 5 de San Crist\u00f3bal de las Casas pero no se le concedi\u00f3. Despu\u00e9s de la negativa intent\u00f3 que lo trasladaran al penal donde ingres\u00f3 primeramente, Ignacio Allende, lo solicit\u00f3 pero lo enviaron al CERSS de Papantla (Veracruz). De ah\u00ed intent\u00f3 nuevamente que lo trasladaran al CERSS n\u00ba5, lo solicit\u00f3 y aceptaron la solicitud. En el CERSS n\u00ba5 trabaja con los compa\u00f1eros Solidarios de la Voz del Amate en la confecci\u00f3n de artesan\u00edas.<\/p>\n<p><strong>IMPACTO DE LA DETENCI\u00d3N SOBRE LA FAMILIA Y\/O COMUNIDAD<\/strong><\/p>\n<p>Tanto a nivel comunitario como familiar el impacto emocional es muy fuerte, pero a efectos de supervivencia es concretamente la familia la que se ve afectada. Es muy duro para el entorno familiar conseguir una solvencia econ\u00f3mica \u201cadecuada\u201d sin contar con el trabajo que desarrollaba el cabeza de familia. Ya en el caso de Alejandro \u00e9l tuvo que viajar cuando a\u00fan estaba libre hasta Veracruz para conseguir un trabajo remunerado.<br \/>\nLa familia de Alejandro ha participado en las diferentes convocatorias en apoyo que han surgido desde organizaciones que se solidarizan con \u00e9l y su organizaci\u00f3n, as\u00ed como las que impulsan los propios presos.<\/p>\n<p>Alejandro es miembro de la organizaci\u00f3n los Solidarios de la Voz del Amate. Ha participado en la huelga de hambre del 9 de junio del 2011 donde 580 presos del CERSS n\u00ba5 se declararon en huelga general, y en diferentes ayunos. Tambi\u00e9n en las propuestas que surgen desde su organizaci\u00f3n como denuncias p\u00fablicas y comunicados de solidaridad. Protagonizo la huelga de hambre que empez\u00f3 el 29 de septiembre del 2011 en el CERSS 5 y que tuvo una duraci\u00f3n de 39 d\u00edas, con la finalidad de exigir la liberaci\u00f3n inmediata de todos los compa\u00f1eros.<\/p>\n<h2 id=\"comments\"><\/h2>\n","protected":false},"excerpt":{"rendered":"<p>DATOS PERSONALES Nombre y apellidos: Alejandro D\u00edaz Santis Fecha de nacimiento: 25 de octubre de 1980 Lugar de nacimiento: Tzoeptic municipio de Mitontic Estado civil: Uni\u00f3n libre Lengua: tsotsil Numero de dependientes econ\u00f3micos: Esposa y seis hijos pero no puede mantenerlos debido a los escasos ingresos. Domicilio actual de la familia: Tzoeptic municipio de Mitontic&hellip;<\/p>\n","protected":false},"author":5288,"featured_media":0,"parent":234,"menu_order":0,"comment_status":"closed","ping_status":"closed","template":"","meta":{"footnotes":""},"class_list":["post-194","page","type-page","status-publish","hentry"],"_links":{"self":[{"href":"https:\/\/foroporlalibertad.noblogs.org\/index.php?rest_route=\/wp\/v2\/pages\/194","targetHints":{"allow":["GET"]}}],"collection":[{"href":"https:\/\/foroporlalibertad.noblogs.org\/index.php?rest_route=\/wp\/v2\/pages"}],"about":[{"href":"https:\/\/foroporlalibertad.noblogs.org\/index.php?rest_route=\/wp\/v2\/types\/page"}],"author":[{"embeddable":true,"href":"https:\/\/foroporlalibertad.noblogs.org\/index.php?rest_route=\/wp\/v2\/users\/5288"}],"replies":[{"embeddable":true,"href":"https:\/\/foroporlalibertad.noblogs.org\/index.php?rest_route=%2Fwp%2Fv2%2Fcomments&post=194"}],"version-history":[{"count":8,"href":"https:\/\/foroporlalibertad.noblogs.org\/index.php?rest_route=\/wp\/v2\/pages\/194\/revisions"}],"predecessor-version":[{"id":355,"href":"https:\/\/foroporlalibertad.noblogs.org\/index.php?rest_route=\/wp\/v2\/pages\/194\/revisions\/355"}],"up":[{"embeddable":true,"href":"https:\/\/foroporlalibertad.noblogs.org\/index.php?rest_route=\/wp\/v2\/pages\/234"}],"wp:attachment":[{"href":"https:\/\/foroporlalibertad.noblogs.org\/index.php?rest_route=%2Fwp%2Fv2%2Fmedia&parent=194"}],"curies":[{"name":"wp","href":"https:\/\/api.w.org\/{rel}","templated":true}]}}