{"id":201,"date":"2012-05-31T20:39:39","date_gmt":"2012-06-01T01:39:39","guid":{"rendered":"http:\/\/foroporlalibertad.noblogs.org\/?page_id=201"},"modified":"2012-06-06T16:14:46","modified_gmt":"2012-06-06T21:14:46","slug":"rosa-lopez-diaz","status":"publish","type":"page","link":"https:\/\/foroporlalibertad.noblogs.org\/?page_id=201","title":{"rendered":"Rosa L\u00f3pez D\u00edaz"},"content":{"rendered":"<p><strong>DATOS PERSONALES<a href=\"https:\/\/foroporlalibertad.noblogs.org\/files\/2012\/05\/rosa.jpg\"><img loading=\"lazy\" decoding=\"async\" class=\"alignright size-medium wp-image-366\" src=\"https:\/\/foroporlalibertad.noblogs.org\/files\/2012\/05\/rosa-243x300.jpg\" alt=\"\" width=\"243\" height=\"300\" srcset=\"https:\/\/foroporlalibertad.noblogs.org\/files\/2012\/05\/rosa-243x300.jpg 243w, https:\/\/foroporlalibertad.noblogs.org\/files\/2012\/05\/rosa-830x1024.jpg 830w, https:\/\/foroporlalibertad.noblogs.org\/files\/2012\/05\/rosa-81x100.jpg 81w, https:\/\/foroporlalibertad.noblogs.org\/files\/2012\/05\/rosa-121x150.jpg 121w, https:\/\/foroporlalibertad.noblogs.org\/files\/2012\/05\/rosa.jpg 1185w\" sizes=\"auto, (max-width: 243px) 100vw, 243px\" \/><\/a><\/strong><\/p>\n<p><strong>Nombre y apellidos:<\/strong> Rosa L\u00f3pez D\u00edaz<br \/>\n<strong>Fecha de nacimiento<\/strong>: 2 de diciembre de 1978<br \/>\n<strong>Lugar de nacimiento:<\/strong> San Crist\u00f3bal de las Casas.<br \/>\n<strong>Estado civil:<\/strong> Uni\u00f3n libre<br \/>\n<strong>Lengua<\/strong>: Tsotsil<br \/>\n<strong>Numero de dependientes econ\u00f3micos:<\/strong> 1 hijo de 2 a\u00f1os, adem\u00e1s de su mam\u00e1.<br \/>\n<strong>Domicilio actual de la familia:<\/strong> Jard\u00edn de nuevo ed\u00e9n, Teopisca. El hijo menor vive con ella.<br \/>\n<strong>Organizaci\u00f3n:<\/strong> Solidarios de la Voz del Amate<br \/>\n<strong>Cargo en la comunidad:<\/strong> No tuvo cargo en su comunidad<br \/>\n<strong>Ocupaci\u00f3n:<\/strong> Comerciante de ropas y complementos.<br \/>\n<strong>N\u00ba de expediente:<\/strong> 056\/2007<\/p>\n<p><strong>DETENCI\u00d3N<\/strong><\/p>\n<p>Rosa L\u00f3pez D\u00edaz fue detenida el 10 de mayo del 2007 junto con su esposo en el parque central de San Crist\u00f3bal de las Casas, por unas personas vestidas de civil. La tumbaron r\u00e1pidamente al piso. No se identificaron, escuch\u00f3 que su esposo (el compa\u00f1ero Alfredo) les ped\u00eda que se identificaran pero no lo hicieron. La condujeron hasta una camioneta y la colocaron sobre el piso de esta con un pie encima de ella. Le vendaron los ojos. Transcurrido un tiempo la bajaron en un lugar que ten\u00eda hojas secas cubriendo el suelo. Sin quitarle la venda de sus ojos empezaron a golpearla. La torturaron cubri\u00e9ndole su cabeza con una bolsa mientras en su boca colocaban un trapo mojado con la intenci\u00f3n de asfixiarla. La golpearon en el estomago.<br \/>\nElla les pidi\u00f3 que pararan porque estaba embarazada pero no pararon.<br \/>\nDespu\u00e9s la volvieron a subir a la camioneta, y la llevaron a un lugar que desconoce. Ah\u00ed entendi\u00f3 que estaba sola, o sea que ya no estaba con su esposo. La mantuvieron agachada, esposada y con los ojos vendados. Les pregunt\u00f3: <em>\u201cQu\u00e9 est\u00e1 pasando?\u201d<\/em>. La respuesta que le dieron fue: <em>\u201cEso no te importa, porque ahora s\u00ed, estas acabada\u201d<\/em> .<br \/>\nRosa nos cuenta: <em>\u201cLlor\u00e9, llor\u00e9. Llor\u00e9 porque no sab\u00eda que iba a pasar conmigo, llor\u00e9 por mi familia, por mi mam\u00e1. No sabr\u00eda c\u00f3mo describir el miedo que sent\u00ed\u201d<\/em>. <em>\u201cEllos me continuaban gritando: De aqu\u00ed no te vas a salvar. De donde te vamos a llevar, no vas a salir\u201d<\/em>. Despu\u00e9s los agresores abandonaron la furgoneta donde estaban y le dijeron a Rosa: <em>\u201cNo te vayas a mover. Si intentas algo, aqu\u00ed te mueres\u201d<\/em>.<br \/>\nAproximadamente 40 minutos m\u00e1s tarde, la llevaron a la misma casa donde ten\u00edan retenido a su esposo. La sentaron contra la pared, esposada, con los ojos vendados y la empezaron a golpear. La volvieron a torturar. Con un trapo mojado cubrieron su cara, y encima colocaron una bolsa de pl\u00e1stico. Mientras le golpeaban su est\u00f3mago. Los agresores le dec\u00edan: <em>\u201cCuando quieras hablar, mueve la cabeza\u201d<\/em>. Rosa pataleaba, porque se sent\u00eda asfixiada. Le quitaron la bolsa y le dieron tres cachetadas. <em>\u201cDi donde la tienes. No te hagas pendeja, si bien sabes de quien estamos hablando\u201d<\/em>.<br \/>\nA Rosa la llevaron a otro cuarto apartado. En el interior del cuarto la desnudan y sufre violencia de tipo sexual, la tocan por todas partes de su cuerpo, amenaz\u00e1ndola de que la van a violar. Le cuentan que quieren que ella diga que secuestr\u00f3 a Claudia Est\u00e9fani. Rosa lloraba, y ped\u00eda que no le hicieran nada, que ella no hab\u00eda secuestrado a nadie.<em> \u201cC\u00f3mo voy a decir algo que no he hecho\u201d<\/em>, pregunt\u00f3 Rosa. Uno de los agresores la tir\u00f3 al piso, otros dos la agarraron, ella sinti\u00f3 que alguien se le encim\u00f3, intentando de violarla. Rosa cuenta que en ese momento no pudo m\u00e1s y dijo: <em>\u201cno me violen, estoy embarazada\u201d<\/em> y uno de sus agresores le dice: <em>\u201cSi dices que lo hiciste, no te hacemos nada\u201d<\/em>. Entonces Rosa les dice que s\u00ed, que hab\u00eda secuestrado, aunque es falso. Ah\u00ed la levantaron, la sacaron del cuarto, y la dejaron sola en la casa. De repente vuelven a llegar, y Rosa escucha los gritos de su marido, Alfredo. Rosa nos relata: <em>\u201cDec\u00eda yo, Gracias a Dios, est\u00e1 vivo\u201d<\/em>. Hab\u00eda pensado que lo hab\u00edan matado.<\/p>\n<p><strong>DECLARACI\u00d3N<\/strong><\/p>\n<p>De ah\u00ed fueron conducidos al Ministerio P\u00fablico. All\u00e1 volvieron a recibir amenazas de muerte por parte de unos hombres que Rosa desconoce tanto sus nombres como sus puestos en el Ministerio P\u00fablico. La obligaron a firmar hojas en blanco. En estas dependencias por fin puede hablar con el compa\u00f1ero Alfredo (su esposo) y le pregunta si \u00e9l sabe por qu\u00e9 los tienen ah\u00ed. Alfredo le cuenta que su primo se hab\u00eda \u201crobado\u201d a la novia, lo que en los pueblos significa que la novia se va con su marido sin que \u00e9ste pague la dote. <em>\u201cCosas de hombres\u201d<\/em>,dice Rosa.<br \/>\nRosa nunca tuvo acceso a un traductor cualificado que conozca la lengua y las costumbres tsotsiles. En la declaraci\u00f3n su defensor de oficio Joaqu\u00edn Dom\u00ednguez Trejo estuvo presente tan s\u00f3lo en una parte. Le leyeron su declaraci\u00f3n, pero no la entendi\u00f3, pues al no tener traductor no consigui\u00f3 comprender los t\u00e9rminos jur\u00eddicos. Por ello Rosa no estaba de acuerdo, pero la obligaron a firmar.<br \/>\nLuego la trasladaron al CERSS n\u00ba5 de San Crist\u00f3bal de las Casas acusada de secuestro.<br \/>\nCabe mencionar que Rosa nunca recibi\u00f3 atenci\u00f3n m\u00e9dica tras la tortura, tanto f\u00edsica como psicol\u00f3gica, que sufri\u00f3.<\/p>\n<p><strong>PROCESO<\/strong><\/p>\n<p>Transcurridos 14 meses del momento de su detenci\u00f3n la sentenciaron a 27 a\u00f1os, 6 meses y 17 d\u00edas. Ella apel\u00f3 dicha sentencia, y se la redujeron de 17 d\u00edas. Ese d\u00eda, el 13 de abril de 2009, es la \u00faltima vez que ve a su abogado.<\/p>\n<p><strong>CONDICIONES EN PRISI\u00d3N<\/strong><\/p>\n<p>Rosa adolece de fuertes dolores de espalda desde hace dos a\u00f1os. Incluso le afecta a la hora de caminar. Padece fuertes dolores de cabeza, y calentura. Tiene hernia umbilical que pone en grave peligro su vida. No ha recibido atenci\u00f3n m\u00e9dica aunque la ha solicitado varias veces y lo ha denunciado p\u00fablicamente.<br \/>\nRosa no tiene suficientes ingresos econ\u00f3micos para sostener a su familia.<\/p>\n<p><strong>IMPACTO DE LA DETENCI\u00d3N SOBRE LA FAMILIA Y\/O LA COMUNIDAD<\/strong><\/p>\n<p>El impacto en su familia ha sido muy grande a nivel emocional y de salud, pues las enfermedades de las cuales adolecen la familia se agravaron por el impacto emocional derivado del encierro de Rosa.<br \/>\nRosa ten\u00eda 4 meses de embarazo cuando la torturaron. Su hijo naci\u00f3 con par\u00e1lisis cerebral, muy probablemente esto fue causado por las diferentes formas de tortura que padeci\u00f3 en su detenci\u00f3n. A ra\u00edz de su enfermedad, su hijo Natanael falleci\u00f3 el pasado 26 de octubre, con 4 a\u00f1os de edad.<br \/>\nRosa es parte de la organizaci\u00f3n de Los Solidarios de la Voz del Amate. Desde prisi\u00f3n Rosa ha denunciado en varias ocasiones el trato padecido y las condiciones generales del sector femenil del CERSS n\u00ba5 de San Crist\u00f3bal de las Casas, as\u00ed como las injusticias que est\u00e1n viviendo por las pol\u00edticas del mal gobierno.<br \/>\nRosa estuvo en ayuno durante 39 d\u00edas, durante la protesta que se llev\u00f3 a cabo dentro del penal de Los Llanos. Cabe mencionar que durante su ayuno, Rosa recibi\u00f3 en varias ocasiones amenazas y hostigamiento para obligarla a dejar su acto de manifestaci\u00f3n que ten\u00eda como objetivo exigir su libertad inmediata as\u00ed como las de sus compa\u00f1eros de lucha.<\/p>\n<h2 id=\"comments\"><\/h2>\n","protected":false},"excerpt":{"rendered":"<p>DATOS PERSONALES Nombre y apellidos: Rosa L\u00f3pez D\u00edaz Fecha de nacimiento: 2 de diciembre de 1978 Lugar de nacimiento: San Crist\u00f3bal de las Casas. Estado civil: Uni\u00f3n libre Lengua: Tsotsil Numero de dependientes econ\u00f3micos: 1 hijo de 2 a\u00f1os, adem\u00e1s de su mam\u00e1. Domicilio actual de la familia: Jard\u00edn de nuevo ed\u00e9n, Teopisca. El hijo&hellip;<\/p>\n","protected":false},"author":5288,"featured_media":0,"parent":234,"menu_order":0,"comment_status":"closed","ping_status":"closed","template":"","meta":{"footnotes":""},"class_list":["post-201","page","type-page","status-publish","hentry"],"_links":{"self":[{"href":"https:\/\/foroporlalibertad.noblogs.org\/index.php?rest_route=\/wp\/v2\/pages\/201","targetHints":{"allow":["GET"]}}],"collection":[{"href":"https:\/\/foroporlalibertad.noblogs.org\/index.php?rest_route=\/wp\/v2\/pages"}],"about":[{"href":"https:\/\/foroporlalibertad.noblogs.org\/index.php?rest_route=\/wp\/v2\/types\/page"}],"author":[{"embeddable":true,"href":"https:\/\/foroporlalibertad.noblogs.org\/index.php?rest_route=\/wp\/v2\/users\/5288"}],"replies":[{"embeddable":true,"href":"https:\/\/foroporlalibertad.noblogs.org\/index.php?rest_route=%2Fwp%2Fv2%2Fcomments&post=201"}],"version-history":[{"count":3,"href":"https:\/\/foroporlalibertad.noblogs.org\/index.php?rest_route=\/wp\/v2\/pages\/201\/revisions"}],"predecessor-version":[{"id":367,"href":"https:\/\/foroporlalibertad.noblogs.org\/index.php?rest_route=\/wp\/v2\/pages\/201\/revisions\/367"}],"up":[{"embeddable":true,"href":"https:\/\/foroporlalibertad.noblogs.org\/index.php?rest_route=\/wp\/v2\/pages\/234"}],"wp:attachment":[{"href":"https:\/\/foroporlalibertad.noblogs.org\/index.php?rest_route=%2Fwp%2Fv2%2Fmedia&parent=201"}],"curies":[{"name":"wp","href":"https:\/\/api.w.org\/{rel}","templated":true}]}}