{"id":208,"date":"2012-05-31T20:55:42","date_gmt":"2012-06-01T01:55:42","guid":{"rendered":"http:\/\/foroporlalibertad.noblogs.org\/?page_id=208"},"modified":"2012-06-06T16:09:52","modified_gmt":"2012-06-06T21:09:52","slug":"enrique-gomez-hernandez","status":"publish","type":"page","link":"https:\/\/foroporlalibertad.noblogs.org\/?page_id=208","title":{"rendered":"Enrique G\u00f3mez Hern\u00e1ndez"},"content":{"rendered":"<p><strong>DATOS PERSONALES<a href=\"https:\/\/foroporlalibertad.noblogs.org\/files\/2012\/05\/enrique.jpg\"><img loading=\"lazy\" decoding=\"async\" class=\"alignright size-medium wp-image-358\" src=\"https:\/\/foroporlalibertad.noblogs.org\/files\/2012\/05\/enrique-256x300.jpg\" alt=\"\" width=\"256\" height=\"300\" srcset=\"https:\/\/foroporlalibertad.noblogs.org\/files\/2012\/05\/enrique-256x300.jpg 256w, https:\/\/foroporlalibertad.noblogs.org\/files\/2012\/05\/enrique-85x100.jpg 85w, https:\/\/foroporlalibertad.noblogs.org\/files\/2012\/05\/enrique-128x150.jpg 128w, https:\/\/foroporlalibertad.noblogs.org\/files\/2012\/05\/enrique.jpg 625w\" sizes=\"auto, (max-width: 256px) 100vw, 256px\" \/><\/a><\/strong><\/p>\n<p><strong>Nombre:<\/strong> Enrique G\u00f3mez Hern\u00e1ndez<br \/>\n<strong>Fecha de nacimiento:<\/strong> 15 de Febrero de 1979<br \/>\n<strong>Lugar de nacimiento:<\/strong> San Juan Chamula, Paraje Lomba.<br \/>\n<strong>Estado civil:<\/strong> Uni\u00f3n libre<br \/>\n<strong>Lengua:<\/strong> Tzotzil<br \/>\n<strong>N\u00famero de dependientes econ\u00f3micos:<\/strong> cinco hijos aunque no puede mantenerlos debido a los escasos ingresos econ\u00f3micos que recibe.<br \/>\n<strong>Domicilio actual de la familia:<\/strong> San Juan Chamula, Paraje Lomba<br \/>\n<strong>Organizaci\u00f3n:<\/strong> Solidarios de la Voz del Amate<br \/>\n<strong>Cargo en la comunidad:<\/strong> No<br \/>\n<strong>Ocupaci\u00f3n:<\/strong> Taquero<br \/>\n<strong>N\u00famero de expediente:<\/strong> 41\/2002<\/p>\n<p><strong>DETENCI\u00d3N<\/strong><\/p>\n<p>Enrique G\u00f3mez Hern\u00e1ndez fue detenido el 7 de febrero del 2002 en San Crist\u00f3bal de las Casas por elementos de la polic\u00eda judicial. No se identificaron ni le mostraron orden de aprensi\u00f3n. Fue llevado a la procuradur\u00eda de San Crist\u00f3bal de las Casas y de ah\u00ed lo condujeron a una casa privada ubicada tras la iglesia de Guadalupe en la misma ciudad. Ah\u00ed fue torturado, recibi\u00f3 golpes, le asfixiaron con una bolsa de pl\u00e1stico y le introdujeron en los orificios nasales tehuacan (agua mineral) con chile. Le obligaron a firmar papeles que desconoc\u00eda lo que conten\u00edan. De ah\u00ed los trasladan al Ministerio Publico para posteriormente pasar otra vez a la Procuradur\u00eda. No pudo comunicarse con nadie durante todo este tiempo, estuvo 72 horas incomunicado, tras estos tres d\u00edas es trasladado al CERSS n\u00ba5 de San Crist\u00f3bal de las Casas.<br \/>\nEn el momento de la detenci\u00f3n era miembro de una organizaci\u00f3n religiosa de nombre: Pueblos Ind\u00edgenas de los Altos de Chiapas.<\/p>\n<p><strong>DECLARACI\u00d3N<\/strong><\/p>\n<p>Le tom\u00f3 declaraci\u00f3n en el Ministerio Publico de la Fiscal\u00eda Ind\u00edgena un comandante de la judicial en presencia de varios de sus agentes. No tuvo acceso a un traductor que comprenda la lengua y cultura tsotsil. Tampoco hubo un abogado presente. No le leyeron la declaraci\u00f3n, ya estando en el CERSS n\u00ba5 fue que supo de que se le acusaba. Lo acusaron de homicidio calificado.<br \/>\n<strong><br \/>\nPROCESO<\/strong><\/p>\n<p>Se le dict\u00f3 auto formal de prisi\u00f3n al llegar al penal. Est\u00e1 sentenciado a 25 a\u00f1os. Apel\u00f3 la condena pero no le han dado respuesta. Le asignaron un abogado de oficio pero no tiene ning\u00fan contacto con \u00e9l.<\/p>\n<p><strong>CONDICIONES DENTRO DE PRISI\u00d3N<\/strong><\/p>\n<p>Enrique nos comenta que los presos no tienen acceso a los medicamentos aunque los hay ni a ning\u00fan tipo de tratamiento m\u00e9dico, y que esto es aplicable a los cuatro centros penitenciarios en los que ha estado recluido. Cuando se ha enfermado de gripas y calenturas han sido los compa\u00f1eros tambi\u00e9n recluidos los que le han ayudado en esos d\u00edas de enfermedad.<br \/>\nRecibe dos comidas al d\u00eda, una a la ma\u00f1ana y otra a las dos de la tarde. El alimento es escaso e ins\u00edpido. Viven en celdas de 3 metros de largo por 3 de ancho 6 personas. Dentro de estas dimensiones tambi\u00e9n est\u00e1 ubicado el ba\u00f1o. Usan cubetas para lavarse ya que las regaderas no funcionan.<\/p>\n<p>Recibe visitas de familiares y alg\u00fan amigo. Anteriormente tambi\u00e9n de su esposa (Dominga L\u00f3pez D\u00edaz) pero actualmente no, ya que ella ha estado 6 meses ingresada en el hospital y posiblemente vuelva a ser ingresada pr\u00f3ximamente ya que contin\u00faa enferma.<br \/>\nEnrique ha sido trasladado en varias ocasiones. Del CERSS n\u00ba5 de San Crist\u00f3bal de las Casas lo trasladaron al CERSS n\u00ba15 de Tepantan, \u00fanicamente por dos d\u00edas pues lo regresan de nuevo al CERSS n\u00ba5. Tiempo despu\u00e9s es trasladado nuevamente al CERSS n\u00ba15 acusado de querer fugarse. En el 2011 lo llevan del n\u00ba15 de Tepantan al CERSS n\u00ba6 de Motozintla, y al poco tiempo lo trasladan al CERSS n\u00ba14 El Amate.<br \/>\nPara sustentarse econ\u00f3micamente Enrique trabaja en la confecci\u00f3n de artesan\u00edas.<\/p>\n<p><strong>IMPACTO DE LA DETENCI\u00d3N SOBRE LA FAMILIA<\/strong><\/p>\n<p>La familia de Enrique tiene mayores dificultades econ\u00f3micas desde su ingreso en prisi\u00f3n. La injusticia que hay en el estado de Chiapas, no tienen en cuenta a uno porque nunca toman en cuenta la verdad que es lo que uno dice.<br \/>\nEnrique es miembro de la organizaci\u00f3n de Los Solidarios de la Voz del Amate, ha denunciado las condiciones en prisi\u00f3n en varias ocasiones.<br \/>\nEl d\u00eda 3 de octubre del 2011 se sumo a la acci\u00f3n de protesta de sus compa\u00f1eros de lucha, iniciando un ayuno desde el penal del Amate, lo cual termin\u00f3 el d\u00eda 6 de noviembre.<\/p>\n","protected":false},"excerpt":{"rendered":"<p>DATOS PERSONALES Nombre: Enrique G\u00f3mez Hern\u00e1ndez Fecha de nacimiento: 15 de Febrero de 1979 Lugar de nacimiento: San Juan Chamula, Paraje Lomba. Estado civil: Uni\u00f3n libre Lengua: Tzotzil N\u00famero de dependientes econ\u00f3micos: cinco hijos aunque no puede mantenerlos debido a los escasos ingresos econ\u00f3micos que recibe. Domicilio actual de la familia: San Juan Chamula, Paraje&hellip;<\/p>\n","protected":false},"author":5288,"featured_media":0,"parent":234,"menu_order":0,"comment_status":"closed","ping_status":"closed","template":"","meta":{"footnotes":""},"class_list":["post-208","page","type-page","status-publish","hentry"],"_links":{"self":[{"href":"https:\/\/foroporlalibertad.noblogs.org\/index.php?rest_route=\/wp\/v2\/pages\/208","targetHints":{"allow":["GET"]}}],"collection":[{"href":"https:\/\/foroporlalibertad.noblogs.org\/index.php?rest_route=\/wp\/v2\/pages"}],"about":[{"href":"https:\/\/foroporlalibertad.noblogs.org\/index.php?rest_route=\/wp\/v2\/types\/page"}],"author":[{"embeddable":true,"href":"https:\/\/foroporlalibertad.noblogs.org\/index.php?rest_route=\/wp\/v2\/users\/5288"}],"replies":[{"embeddable":true,"href":"https:\/\/foroporlalibertad.noblogs.org\/index.php?rest_route=%2Fwp%2Fv2%2Fcomments&post=208"}],"version-history":[{"count":3,"href":"https:\/\/foroporlalibertad.noblogs.org\/index.php?rest_route=\/wp\/v2\/pages\/208\/revisions"}],"predecessor-version":[{"id":359,"href":"https:\/\/foroporlalibertad.noblogs.org\/index.php?rest_route=\/wp\/v2\/pages\/208\/revisions\/359"}],"up":[{"embeddable":true,"href":"https:\/\/foroporlalibertad.noblogs.org\/index.php?rest_route=\/wp\/v2\/pages\/234"}],"wp:attachment":[{"href":"https:\/\/foroporlalibertad.noblogs.org\/index.php?rest_route=%2Fwp%2Fv2%2Fmedia&parent=208"}],"curies":[{"name":"wp","href":"https:\/\/api.w.org\/{rel}","templated":true}]}}