{"id":211,"date":"2012-05-31T21:22:45","date_gmt":"2012-06-01T02:22:45","guid":{"rendered":"http:\/\/foroporlalibertad.noblogs.org\/?page_id=211"},"modified":"2012-06-06T16:12:13","modified_gmt":"2012-06-06T21:12:13","slug":"juan-diaz-lopez","status":"publish","type":"page","link":"https:\/\/foroporlalibertad.noblogs.org\/?page_id=211","title":{"rendered":"Juan D\u00edaz L\u00f3pez"},"content":{"rendered":"<p>Juan D\u00edaz fue uno de los presos injustamente encarcelados que fueron liberados por la presi\u00f3n de la huelga de hambre que protagonizaron en 2008 decenas de presos en varias prisiones del estado de Chiapas. Aun habiendo sido Amnistiado, el hecho de haber pasado por prisi\u00f3n lo estigmatiz\u00f3 en su comunidad de tal forma que le han llegado a acusar de varios asesinatos. Lo culparon de asesinar a una se\u00f1ora de tercera edad, raz\u00f3n por la cual se encuentra actualmente detenido en el CERSS 5 de San Crist\u00f3bal de Las Casas.<\/p>\n<p><strong>DATOS PERSONALES<a href=\"https:\/\/foroporlalibertad.noblogs.org\/files\/2012\/05\/juan.jpg\"><img loading=\"lazy\" decoding=\"async\" class=\"alignright size-medium wp-image-362\" src=\"https:\/\/foroporlalibertad.noblogs.org\/files\/2012\/05\/juan-257x300.jpg\" alt=\"\" width=\"257\" height=\"300\" srcset=\"https:\/\/foroporlalibertad.noblogs.org\/files\/2012\/05\/juan-257x300.jpg 257w, https:\/\/foroporlalibertad.noblogs.org\/files\/2012\/05\/juan-878x1024.jpg 878w, https:\/\/foroporlalibertad.noblogs.org\/files\/2012\/05\/juan-85x100.jpg 85w, https:\/\/foroporlalibertad.noblogs.org\/files\/2012\/05\/juan-128x150.jpg 128w, https:\/\/foroporlalibertad.noblogs.org\/files\/2012\/05\/juan.jpg 928w\" sizes=\"auto, (max-width: 257px) 100vw, 257px\" \/><\/a><\/strong><\/p>\n<p><strong>Nombre y apellidos:<\/strong> Juan Diaz L\u00f3pez<br \/>\n<strong>Fecha de nacimiento:<\/strong> 10 de enero de 1983<br \/>\n<strong>Lugar de nacimiento:<\/strong> Santa Marta, Chenalh\u00f3<br \/>\n<strong>Estado civil:<\/strong> Uni\u00f3n libre<br \/>\n<strong>Lengua:<\/strong> Tsotsil<br \/>\n<strong>Numero de dependientes econ\u00f3micos:<\/strong> su esposa, tres hijos; una ni\u00f1a de 8 a\u00f1os, y dos ni\u00f1os de 5 y 2 a\u00f1os y medio.<br \/>\n<strong>Domicilio actual de la familia:<\/strong> Santa Marta, Paraje Chenok, Chenalh\u00f3<br \/>\n<strong>Organizaci\u00f3n:<\/strong> Voces Inocentes, la Otra Campa\u00f1a<br \/>\n<strong>N\u00ba de expedientes:<\/strong> 168\/2011 y 2692\/2011<\/p>\n<p><strong>ANTECEDENTES<\/strong><\/p>\n<p>Juan D\u00edaz fue uno de los presos injustamente encarcelados que fueron liberados por la presi\u00f3n de la huelga de hambre que protagonizaron en 2008 decenas de presos en varias prisiones del estado de Chiapas. Aun habiendo sido Amnistiado, el hecho de haber pasado por prisi\u00f3n lo estigmatiz\u00f3 en su comunidad de tal forma que le han llegado a acusar de varios asesinatos. Lo culparon de asesinar a una se\u00f1ora de tercera edad. Juan recibi\u00f3 asesor\u00eda del CDH Fray Bartolom\u00e9 de las Casas, esta organizaci\u00f3n de Derechos Humanos envi\u00f3 oficios a las autoridades de Santa Marta, quienes resolvieron el asunto. La se\u00f1ora supuestamente asesinada hab\u00eda abandonado la comunidad en noviembre de 2010.<\/p>\n<p>El 22 de abril del 2011 una se\u00f1ora es asesinada en la comunidad donde vive Juan. La autoridad comunitaria llam\u00f3 a los habitantes para investigar sobre qui\u00e9n pod\u00eda haber cometido el asesinato. Nadie sab\u00eda nada, ya que no hab\u00eda testigos.<br \/>\nA las 12am llegaron funcionarios del Ministerio Publico a levantar el cad\u00e1ver. Cinco d\u00edas m\u00e1s tarde se presentaron en la comunidad las autoridades de Chenalh\u00f3, y acusaron a Juan del delito. Dijeron que quien le acusaba era su propia madre.<\/p>\n<p>Juan cuenta: <em>\u201cMi padrastro manipula a mi madre. \u00c9l quiere quedarse con nuestro terreno, la casa y el caf\u00e9. \u00c9l fue quien convenci\u00f3 a la familia de la difunta se\u00f1ora de acusarme a m\u00ed, para que as\u00ed \u00e9l se puede quedar con la herencia de mi familia\u201d<\/em>.<\/p>\n<p>El CDH Fray Bartolom\u00e9 de las Casas volvi\u00f3 a enviar oficios a las autoridades de Chenalh\u00f3, quienes dijeron que no lo acusar\u00edan esta vez tampoco.<\/p>\n<p><strong>DETENCI\u00d3N<\/strong><\/p>\n<p>La forma en la que se da la detenci\u00f3n de Juan es de un car\u00e1cter muy diferente a las anteriores presentadas ya que en este caso es un gran n\u00famero de personas civiles los que lo detienen y torturan, m\u00e1s bien fue secuestrado y posteriormente entregado a las autoridades.<br \/>\nEl 17 de mayo un tumulto de personas se junt\u00f3 fuera de su casa y lo sacaron de ella. Entre estas personas venia un grupo perteneciente al paraje Yolonchen, quienes llegaron muy armados. Varias horas fue golpeado, tambi\u00e9n fue rociado con gasolina, lo obligaron a tomar Gramoxone (un herbicida), lo intentaron colgar a un \u00e1rbol y le dieron dos cortes con cuchillo a la altura de las mu\u00f1ecas, uno en cada una de ellas, quiz\u00e1s por la cantidad de sangre que perdi\u00f3 Juan cay\u00f3 desmayado.<br \/>\nRecibi\u00f3 humillaciones verbales de car\u00e1cter pol\u00edtico como la siguiente: <em>\u201cDonde est\u00e1 el Frayba, donde est\u00e1s organizado\u201d<\/em>.<br \/>\nJuan nos comenta que tres personas entraron en su casa y le robaron 55.000 pesos, esas personas son: Sebasti\u00e1n D\u00edaz Hern\u00e1ndez, Santos G\u00f3mez Perez y Sebasti\u00e1n Hern\u00e1ndez Velasco. Su esposa fue testigo del robo y amenazada de muerte por las personas anteriormente mencionadas. Luego a Juan se lo llevaron, caminaron aproximadamente 50 minutos.<br \/>\nIban unas 400 personas. Llegaron hasta el Paraje Sak Lum, ah\u00ed estuvo amarrado a un poste durante 4 horas. En el transcurso de esas horas Juan pod\u00eda escuchar que estaban discutiendo qu\u00e9 hacer con \u00e9l, si lo matar\u00edan o no. No todas las personas estaban a favor de la violencia que se ejerc\u00eda contra \u00e9l, Juan calcula que la mitad estaba en contra de lo que le estaban haciendo. A las 5.30 de la madrugada, del d\u00eda 18 de mayo, llega a la comunidad el juez municipal y de ah\u00ed lo trasladan al Ministerio P\u00fablico en San Crist\u00f3bal de Las Casas.<\/p>\n<p><strong>DECLARACI\u00d3N<\/strong><\/p>\n<p>En el Ministerio Publico Juan es obligado a firmar una declaraci\u00f3n que lo declara culpable de delito de homicidio e intento de homicidio. No le permitieron comunicarse con su familia. Despu\u00e9s tuvo acceso a la visita de unos compa\u00f1eros, los que pidieron que le diesen atenci\u00f3n m\u00e9dica pues estaba en muy malas condiciones. A las 4pm del 18 de mayo le cosieron sus mu\u00f1ecas.<br \/>\nLe obligaron a firmar una declaraci\u00f3n que no le permitieron leer. Le golpearon en la espalda. Nos comenta Juan que la persona que le golpe\u00f3 se llama Z\u00fa\u00f1iga, esto lo sabe porque alguien dijo: <em>\u201cEchale su calentada, Z\u00fa\u00f1iga\u201d<\/em>.<\/p>\n<p>El 20 de mayo estando aun retenido en el Ministerio Publico no hab\u00eda tenido acceso a injerir alimentos ni agua. Esto junto con la tortura padecida y la p\u00e9rdida de sangre le hab\u00edan debilitado mucho. Ah\u00ed fue que declar\u00f3. No tuvo acceso a un traductor que conozca la lengua y cultura tsotsil. Tampoco hubo un abogado defensor presente.<br \/>\nDespu\u00e9s de declarar, lo trasladaron al CERSS n\u00ba5 de San Crist\u00f3bal de Las Casas. Juan est\u00e1 acusado de intento de homicidio de Sebasti\u00e1n D\u00edaz Hern\u00e1ndez y de homicidio de la se\u00f1ora que muri\u00f3 en su comunidad.<\/p>\n<p><strong>PROCESO<\/strong><\/p>\n<p>El caso de Juan todav\u00eda est\u00e1 en proceso, por lo cual no tiene sentencia. Tiene defensor de oficio, Joaqu\u00edn Dom\u00ednguez Trejo, pero actualmente no consigue contactar con \u00e9l.<br \/>\nAhora el CDH Fray Bartolom\u00e9 de las Casas est\u00e1 asesorando su caso.<\/p>\n<p><strong>IMPACTO SOBRE LA FAMILIA<\/strong><\/p>\n<p>El impacto sobre su familia ha sido muy grande. Esta es la segunda vez que a Juan lo encarcelan injustamente, con acusaciones falsas muy graves. La familia defend\u00eda su derecho a la herencia, y el motivo de su padrastro se mezcl\u00f3 con motivos posiblemente pol\u00edticos en su comunidad.<br \/>\nA sus dos hijos los sacaron de su escuela. La comunidad no permite que est\u00e9n estudiando. Su esposa que sigue viviendo en la comunidad, ha recibido amenazas de desalojo.<br \/>\nSus ahorros de muchos a\u00f1os de trabajo con el cafetal le han sido robados.<br \/>\nJuan ha puesto una denuncia penal por robo de dinero y la violencia ejercida en contra de \u00e9l. Pero no sabe qu\u00e9 seguimiento se le est\u00e1 dando a la denuncia.<br \/>\nJuan es miembro del comit\u00e9 Voces Inocentes y adherente a la Otra Campa\u00f1a. Protagonizo la huelga de hambre que empez\u00f3 el 29 de septiembre del 2011 en el CERSS 5 y que tuvo una duraci\u00f3n de 39 d\u00edas, con la finalidad de exigir la liberaci\u00f3n inmediata de todos los compa\u00f1eros.<\/p>\n<p><strong>ANEXO SOBRE LA ANTERIOR ENCARCELACI\u00d3N DE JUAN D\u00cdAZ<\/strong><\/p>\n<p>Juan era auxiliar en su comunidad, y el agente lo llev\u00f3 a Can winik el d\u00eda 22 de septiembre de 2004. Alguien hab\u00eda muerto y estaban los del Ministerio Publico levantando su cad\u00e1ver. El pap\u00e1 de la v\u00edctima le se\u00f1al\u00f3, y no le dejaron hablar para defenderse. El present\u00f3 pruebas de que no hab\u00eda sido \u00e9l, pero en Chenalh\u00f3 quer\u00edan dinero y no aceptaban las pruebas. El Juez le dijo que <em>\u201cya ca\u00edste\u201d<\/em>, <em>\u201ctus pruebas, presentalas en el Ministerio Publico.\u201d<br \/>\n<\/em><br \/>\nEn el Ministerio Publico recibi\u00f3 tortura. Le cubr\u00edan la nariz con un trapo mojado y la cara con una bolsa negra. Le dijeron que si no confesaba, lo matar\u00edan. Lo golpearon. Le metieron en un tambo de agua durante media hora. El siguiente d\u00eda continuaron, luego el d\u00eda despu\u00e9s. Tal vez fueron 72 horas de tortura repetida. <em>\u201cAguant\u00f3\u201d<\/em>, dijo que no era culpable.<\/p>\n<p>No le dieron de comer, ni tuvo posibilidad de hablar con la familia. En el Ministerio Publico le obligaron a firmar hojas en blanco. Pidi\u00f3 un traductor pero no se lo dieron. Le dijeron que se declarara culpable y le dar\u00edan de diez a quince a\u00f1os. Firm\u00f3, por el dolor, por el hambre, y por el aislamiento. Lo sentenciaron a 25 a\u00f1os de prisi\u00f3n. Hasta el 24 de julio 2008 logr\u00f3 su libertad despu\u00e9s de 31 d\u00edas de huelga de hambre.<\/p>\n<h2 id=\"comments\"><\/h2>\n","protected":false},"excerpt":{"rendered":"<p>Juan D\u00edaz fue uno de los presos injustamente encarcelados que fueron liberados por la presi\u00f3n de la huelga de hambre que protagonizaron en 2008 decenas de presos en varias prisiones del estado de Chiapas. Aun habiendo sido Amnistiado, el hecho de haber pasado por prisi\u00f3n lo estigmatiz\u00f3 en su comunidad de tal forma que le&hellip;<\/p>\n","protected":false},"author":5288,"featured_media":0,"parent":234,"menu_order":0,"comment_status":"closed","ping_status":"closed","template":"","meta":{"footnotes":""},"class_list":["post-211","page","type-page","status-publish","hentry"],"_links":{"self":[{"href":"https:\/\/foroporlalibertad.noblogs.org\/index.php?rest_route=\/wp\/v2\/pages\/211","targetHints":{"allow":["GET"]}}],"collection":[{"href":"https:\/\/foroporlalibertad.noblogs.org\/index.php?rest_route=\/wp\/v2\/pages"}],"about":[{"href":"https:\/\/foroporlalibertad.noblogs.org\/index.php?rest_route=\/wp\/v2\/types\/page"}],"author":[{"embeddable":true,"href":"https:\/\/foroporlalibertad.noblogs.org\/index.php?rest_route=\/wp\/v2\/users\/5288"}],"replies":[{"embeddable":true,"href":"https:\/\/foroporlalibertad.noblogs.org\/index.php?rest_route=%2Fwp%2Fv2%2Fcomments&post=211"}],"version-history":[{"count":3,"href":"https:\/\/foroporlalibertad.noblogs.org\/index.php?rest_route=\/wp\/v2\/pages\/211\/revisions"}],"predecessor-version":[{"id":363,"href":"https:\/\/foroporlalibertad.noblogs.org\/index.php?rest_route=\/wp\/v2\/pages\/211\/revisions\/363"}],"up":[{"embeddable":true,"href":"https:\/\/foroporlalibertad.noblogs.org\/index.php?rest_route=\/wp\/v2\/pages\/234"}],"wp:attachment":[{"href":"https:\/\/foroporlalibertad.noblogs.org\/index.php?rest_route=%2Fwp%2Fv2%2Fmedia&parent=211"}],"curies":[{"name":"wp","href":"https:\/\/api.w.org\/{rel}","templated":true}]}}