{"id":214,"date":"2012-05-31T21:26:59","date_gmt":"2012-06-01T02:26:59","guid":{"rendered":"http:\/\/foroporlalibertad.noblogs.org\/?page_id=214"},"modified":"2012-05-31T22:54:31","modified_gmt":"2012-06-01T03:54:31","slug":"antonio-estrada-estrada","status":"publish","type":"page","link":"https:\/\/foroporlalibertad.noblogs.org\/?page_id=214","title":{"rendered":"Antonio Estrada Estrada"},"content":{"rendered":"<p>Antonio Estrada Estrada fue detenido de manera violenta el dia 7 agosto de 2011 en el Crucero Xanil (8 km antes de llegar a Crucero Agua Azul) por elementos de la policia que iban encapuchados y fue llevado hasta la ciudad de Palenque.<\/p>\n<p><strong>DATOS PERSONALES<\/strong><\/p>\n<p><strong>Nombre y apellidos:<\/strong> Antonio Estrada Estrada<br \/>\n<strong>Organizaci\u00f3n:<\/strong> La Otra Campa\u00f1a San Sebastian Bachajon<strong><br \/>\nFecha de nacimiento:<\/strong> 3 de agosto 1987<strong><br \/>\nLugar de nacimiento:<\/strong> Sasamtik, Centro Alan Sajcun, Ejido San Sebasti\u00e1n Bachaj\u00f3n, Municipio Chilon<strong><br \/>\nDomicilio actual:<\/strong> Sasamtik, Centro Alan Sajcun, Ejido San Sebasti\u00e1n Bachaj\u00f3n, Municipio Chilon<strong><br \/>\nEstado Civil:<\/strong> Union libre<strong><br \/>\nDependientes:<\/strong> Su esposa y 2 hijos (3 a\u00f1os y 2 a\u00f1os)<strong><br \/>\nOcupaci\u00f3n :<\/strong> Agricultor<strong><br \/>\nLengua:<\/strong> Tseltal y castilla<strong><br \/>\n<\/strong><\/p>\n<p><strong>Detencion:<\/strong><\/p>\n<p>Antonio fue detenido de manera violenta el dia 7 agosto de 2011 en el Crucero Xanil (8 km antes de llegar a Crucero Agua Azul) por elementos de la policia que iban encapuchados y fue llevado hasta la ciudad de Palenque.<\/p>\n<p><em>\u201cEl d\u00eda domingo 7 de agosto de 2011 como a las 2pm me estaba yendo a la casa de mi t\u00edo Bartolo Estrada Silvano. Saliendo de mi casa como a una distancia de 300 metros sobre la carretera que va a Tumbal\u00e1 me detuvieron personas que iban vestidas de color azul, encapuchados, donde ven\u00edan 4 elementos atr\u00e1s, un chofer y un comandante (se que era el comandante porque lo dec\u00edan por el radio que portaban). En el momento que me detuvo me taparon con una playera de ellos, me esposaron las manos y me subieron en la g\u00f3ndola de la patrulla, boca abajo y con las manos hacia atr\u00e1s, sent\u00eda que me quemaba la g\u00f3ndola por el calor. Uno de los polic\u00edas me preguntaba mi nombre y que si yo era el que asaltaba, me empezaron a golpear con la palma de su mano y picando con sus dedo mis costilla, ahi me amenazaron de que me iban a tirar un balazo en la cabeza y luego me iban a envolver en una colchoneta para tirarme en un basurero. Durante el trayecto del camino me vino golpeando la persona que me cuidaba, me golpe\u00f3 con las palmas de sus manos en mis o\u00eddos, me daban cachetadas, esto me lo hicieron como en tres ocasiones. Llegando a Palenque no se en qu\u00e9 lugar me entregaron en manos de la judicial.\u201d<\/em><\/p>\n<p><strong>Tortura:<\/strong><\/p>\n<p>Antonio fue entregado a los elementos de la Policia Ministerial en Palenque, ahi sufrio varios actos de tortura prolongados con el fin de que se auto-inculpara de ser asaltante de carretera.<\/p>\n<p><em>\u201cMe sentaron y luego me quitaron la playera que tra\u00eda puesto en la cabeza y de inmediato me dieron una cachetada, como una manera para no identificar a la persona, porque se me oscureci\u00f3 la vista y de pronto me empezaron a vendar los ojos bien fuerte. Despu\u00e9s que ya estaba vendado me acostaron en un piso o en una mesa no se exactamente y me colocaron una bolsa en la cabeza para asfixiarme a la hora de respirar se met\u00eda la bolsa en mi boca por eso no pod\u00eda respirar y como no pod\u00eda respirar me desmay\u00e9. Ahi me estuvieron interrogando si yo soy el que asalta siempre, me estuve aguantando de lo que me hac\u00eda y no me culpaba. <\/em><\/p>\n<p><em>Despu\u00e9s de que me recuper\u00e9 del desmayo me volvieron a poner otra vez la bolsa, me dec\u00edan que declarara con quien asalto la carretera, que confiese porque sino me va a ir peor. En esto no me declar\u00e9 culpable, posteriormente me metieron en un tambo de 200 litros, lleno de agua, sin saber cu\u00e1nto tiempo pude aguantar bajo el agua, solo sent\u00eda en mis o\u00eddos el ruido cuando ya me estaba desmayando, antes de desmayarme me sacaron del tambo y me tiraron en el piso, golpe\u00e1ndome detr\u00e1s de la cabeza con la palma de mano, no se si era para recuperarme o no morirme, no se para que era ese golpe en la cabeza.<\/em><\/p>\n<p><em>Me siguieron preguntando si yo soy el asaltante, porque el castigo que me estaban dando no hab\u00eda pasado ni la cuarta parte, que todav\u00eda faltan varios castigos y que voy hablar, que mejor diga de una buena vez ahorita, que as\u00ed me dejan de golpear. Todav\u00eda en este momento no me autoculp\u00e9, me decian que si no me declaro culpable me dar\u00e1n un balazo en la cabeza y me van a tirar en un basurero, ya que al momento que me detuvieron nadie se dio cuenta.<\/em><\/p>\n<p><em>Despu\u00e9s de esto me aplicaron otra t\u00e9cnica de castigo, consiguieron un trapo, me lo colocaron bien fuerte tap\u00e1ndome la nariz y la boca, sosteni\u00e9ndolo atr\u00e1s de mi cabeza, no sabemos si con una cubeta, vaso o botella, dejaban caer el agua en el trapo haciendo que cuando respirara entrara el agua en mi nariz y boca, en caso de que quisiera hablar me dec\u00edan que moviera la cabeza y esa era se\u00f1al de que yo soy el que asaltaba. As\u00ed me quitaban el trapo y me dec\u00edan\u00a0 que declarara culpable, en el primer momento yo dije que no soy, por eso me volvieron a aplicar el castigo, en este segundo momento sent\u00eda la muerte y se me presentaban mi mujer y mis hijos y sent\u00eda que era el momento de morirme. Volv\u00ed a dar se\u00f1al de que quer\u00eda hablar mientras me golpeaban la parte de atr\u00e1s de mi cabeza para volverme, en esta segunda ocasi\u00f3n logr\u00e9 negar todav\u00eda. Me volvieron aplicar por tercera vez, en esta vez ya no aguant\u00e9 y me autoculp\u00e9 de que asaltaba.\u201d<\/em><\/p>\n<p><em>\u201cDespu\u00e9s de que me declar\u00e9 culpable me preguntaron quienes son mis compa\u00f1eros y mencion\u00e9 algunos nombres: Santiago g\u00f3mez Moreno (de Xanil y est\u00e1 actualmente preso), Pascual G\u00f3mez Moreno, Jos\u00e9 \u201cN\u201d, este \u00faltimo nombre lo invent\u00e9, pero los otros dos se sabe en mi pueblo que s\u00ed se dedican al asalto. Los elementos policiacos se comunicaron por tel\u00e9fono con otros para organizar (escuch\u00e9 que mencionaban mucho el nombre del director calvo) para catear y detener a Santiago. Me llevaron a Ocosingo al Sector, no se la hora, solo me dijeron que como a las 2am ibamos a ir a la casa de santiago para catearlo. A la hora de llegar ahi, no lo encontramos, se hab\u00eda salido de su casa le hab\u00edan dado el pitazo.\u201d<\/em><\/p>\n<p>&nbsp;<\/p>\n<p><strong>Fabricacion del delito:<\/strong><\/p>\n<p>Lunes 8 de agosto de 2011 los policias llevaron a Antonio al banco de arena, lugar en el cual unos dias antes hacia ocuurido un asalto carretero, para fabricar la escena del delito y culpar a Antonio.<\/p>\n<p><em>\u201cMe llevaron al banco de arena y me empezaron a quitar la venda y me pidieron en qu\u00e9 tramo realizo los asaltos. Hab\u00eda ocurrido un asalto como 3 o 4 d\u00edas antes en este lugar y cuando me preguntaron que d\u00f3nde asaltaba yo dije que no se, que yo no cometo esos hechos, entonces se enojaron y me empezaron a golpear en mi est\u00f3mago, en mis o\u00eddos y me daban patadas en mis nalgas, como no se\u00f1alaba , me empezaron a esposar de mis pies y manos con una cadena y ellos empezaron lo que quisieron hacer. Me vendaron los ojos nuevamente y escuch\u00e9 que se dec\u00edan que empezaran a jalar con una cadena un trozo de arbol en medio de la carretera en ese momento no me di cuenta porque ten\u00eda vendado los ojos, pero cuando vi el expediente vi lo que hiceron, donde est\u00e1 atravesado una camioneta RAM color blanca con las puertas abiertas, record\u00e9 que cuando est\u00e1bamos ah\u00ed dec\u00edan con qu\u00e9 iban a tapar el logoptio y la placa y uno de ellos respondi\u00f3 que ahi est\u00e1 la cinta canela, asi fue donde tomaron las fotos haciendo parecer como que hab\u00eda sido un asalto, en la foto no aparezco, pero s\u00ed le tomaron foto a una pistola, 2 machetes y un pasamonta\u00f1as, seg\u00fan estos objetos eran m\u00edos para realizar estos asaltos lo cual no es cierto de estos objetos que me echan la culpa.\u201d<\/em><\/p>\n<p><strong>Declaracion:<\/strong><\/p>\n<p>El dia 8 de agosto, Antonio fue presentado ante el Ministerio Publico en Palenque y obligado a firmar una declaracion ya redactada y autoinculpatoria, bajo amenazas de tortura.<\/p>\n<p><em>\u201cDespu\u00e9s de haber hecho esta obra que ellos prepararon me trajeron en Palenque, calculando que llegu\u00e9 como a las 10 am del dia 8 de agosto. Me presentaron ante el Ministerio P\u00fablico, me tomaron fotograf\u00eda, me llevaron al separo. Me sacaron del separo seg\u00fan para dar mi declaraci\u00f3n, lo cual ya no declar\u00e9 porque ya lo ten\u00edan hecho y me obligaron a que firmara los papeles ya que en el momento que hicieron la obra estuvieron MP y peritos por esto es que ya ten\u00edan todo armado el documento que me hicieron firmar. Ya no me pidieron mi declaraci\u00f3n. Solo me amenazaban que si no firmaba me iban a golpear, fue por eso que por miedo a que me volvieran a golpear firm\u00e9 los papeles.\u201d<\/em><\/p>\n<p><strong>Acusacion:<\/strong><\/p>\n<p>Antonio se encuentra actualmente en el CERSS N\u00b0 17 de Playas de Catazaja y esta acusado de los siguientes delitos: Asalto, Delincuencia organizada y Portaci\u00f3n de armas<\/p>\n<p><strong>Condiciones carcelarias:<\/strong><\/p>\n<p>Antonio menciona que duerme en el pasillo debido a la sobrepoblacion que existe en el CERSS 17 Playa de Catazaja. Resalta que en el penal la atencion medica es pesima, no hay doctor, no hay medicias o a vecesles dan medicinas caducadas. La comida es escasa. Las personas que llegan a visitar a sus familiares a este penal tiene que psar por una revision estricta y humillante, pues a las mujeres, que en mayoria son indigenas, les obligan a levantar el brasier, a veces les hacen bajarse los calzones. Antonio se queja de sue no dejan pasar alimentos, incluso no dejan pasar el pozol.<\/p>\n<p>Antonio sigue padeciendo de las secuelas fisicas y psicologicas de la tortura que sufrio pues le duele la cabeza y la garganta todos los dias y tiene dficultades para dormir porque recuerda lo que le paso.<\/p>\n<p>&nbsp;<\/p>\n","protected":false},"excerpt":{"rendered":"<p>Antonio Estrada Estrada fue detenido de manera violenta el dia 7 agosto de 2011 en el Crucero Xanil (8 km antes de llegar a Crucero Agua Azul) por elementos de la policia que iban encapuchados y fue llevado hasta la ciudad de Palenque. DATOS PERSONALES Nombre y apellidos: Antonio Estrada Estrada Organizaci\u00f3n: La Otra Campa\u00f1a&hellip;<\/p>\n","protected":false},"author":5288,"featured_media":0,"parent":234,"menu_order":0,"comment_status":"closed","ping_status":"closed","template":"","meta":{"footnotes":""},"class_list":["post-214","page","type-page","status-publish","hentry"],"_links":{"self":[{"href":"https:\/\/foroporlalibertad.noblogs.org\/index.php?rest_route=\/wp\/v2\/pages\/214","targetHints":{"allow":["GET"]}}],"collection":[{"href":"https:\/\/foroporlalibertad.noblogs.org\/index.php?rest_route=\/wp\/v2\/pages"}],"about":[{"href":"https:\/\/foroporlalibertad.noblogs.org\/index.php?rest_route=\/wp\/v2\/types\/page"}],"author":[{"embeddable":true,"href":"https:\/\/foroporlalibertad.noblogs.org\/index.php?rest_route=\/wp\/v2\/users\/5288"}],"replies":[{"embeddable":true,"href":"https:\/\/foroporlalibertad.noblogs.org\/index.php?rest_route=%2Fwp%2Fv2%2Fcomments&post=214"}],"version-history":[{"count":2,"href":"https:\/\/foroporlalibertad.noblogs.org\/index.php?rest_route=\/wp\/v2\/pages\/214\/revisions"}],"predecessor-version":[{"id":239,"href":"https:\/\/foroporlalibertad.noblogs.org\/index.php?rest_route=\/wp\/v2\/pages\/214\/revisions\/239"}],"up":[{"embeddable":true,"href":"https:\/\/foroporlalibertad.noblogs.org\/index.php?rest_route=\/wp\/v2\/pages\/234"}],"wp:attachment":[{"href":"https:\/\/foroporlalibertad.noblogs.org\/index.php?rest_route=%2Fwp%2Fv2%2Fmedia&parent=214"}],"curies":[{"name":"wp","href":"https:\/\/api.w.org\/{rel}","templated":true}]}}