{"id":217,"date":"2012-05-31T21:30:52","date_gmt":"2012-06-01T02:30:52","guid":{"rendered":"http:\/\/foroporlalibertad.noblogs.org\/?page_id=217"},"modified":"2012-06-01T13:54:58","modified_gmt":"2012-06-01T18:54:58","slug":"miguel-vazquez-deara","status":"publish","type":"page","link":"https:\/\/foroporlalibertad.noblogs.org\/?page_id=217","title":{"rendered":"Miguel Vazquez Deara"},"content":{"rendered":"<p>Miguel Vazquez Deara fue detenido el d\u00eda 25 de septiembre de 2011, alrededor de las 12:00pm, en los transportes El Volc\u00e1n, Palenque. Ese d\u00eda llegaron unos polic\u00edas, le taparon la cara y se lo llevaron sin ning\u00fan motivo. Miguel fue se\u00f1alado en el momento de su detenci\u00f3n por ejidatarios oficialistas de SSB quienes iban junto con los polic\u00edas, Juan \u00c1lvaro Moreno, Manuel Jim\u00e9nez Moreno, Jes\u00fas Ru\u00edz Hern\u00e1ndez y Miguel Ru\u00edz Hern\u00e1ndez.<\/p>\n<p><strong>DATOS PERSONALES<\/strong><\/p>\n<p><strong>Nombre y Apellidos:<\/strong> Miguel Vazquez Deara<strong><br \/>\nOrganizaci\u00f3n:<\/strong> La Otra Campa\u00f1a,\u00a0 San Sebasti\u00e1n Bachaj\u00f3n<strong><br \/>\nFecha de nacimiento:<\/strong> 15 de marzo 1988<strong><br \/>\nLugar de nacimiento:<\/strong> Tzinteel, ejido San Sebasti\u00e1n Bachaj\u00f3n, Municipio Chilon<strong><br \/>\nDomicilio actual:<\/strong> Crucero Ch\u2019ich, Municipio Chilon<strong><br \/>\nEstado civil:<\/strong>\u00a0 Uni\u00f3n Libre<strong><br \/>\nDependientes:<\/strong> dos<strong><br \/>\nOcupaci\u00f3n:<\/strong> checador empresa de transporte Volc\u00e1n<strong><br \/>\nLengua:<\/strong> Tseltal y un poco de castilla<\/p>\n<p><strong>Detenci\u00f3n:<\/strong><\/p>\n<p>Miguel fue detenido el d\u00eda 25 de septiembre de 2011, alrededor de las 12:00pm, en los transportes El Volc\u00e1n, Palenque. Ese d\u00eda llegaron unos polic\u00edas, le taparon la cara y se lo llevaron sin ning\u00fan motivo. Miguel fue se\u00f1alado en el momento de su detenci\u00f3n por ejidatarios oficialistas de SSB quienes iban junto con los polic\u00edas, Juan \u00c1lvaro Moreno, Manuel Jim\u00e9nez Moreno, Jes\u00fas Ru\u00edz Hern\u00e1ndez y Miguel Ru\u00edz Hern\u00e1ndez<\/p>\n<p><em>\u201cA las 9 am sal\u00ed a la calle para buscar pasaje, llegaron polic\u00edas para tantear c\u00f3mo me mov\u00eda yo, pero vi unos que me estaban se\u00f1alando: Juan \u00c1lvaro (Xanil), Manuel Jim\u00e9nez (Pamal\u00e1), como a las 12 del d\u00eda del lunes 26 de septiembre y hab\u00eda otros que estaban pendientes cuando supieron que ya me hab\u00edan agarrado, llegaron a playas de Catazaj\u00e1 a acusarme de asaltar carretera. En el momento que me detuvieron me taparon la cara con mi uniforme que llevaba puesto y andaba $150 pesos me lo quitaron. El que lleg\u00f3 buscarme el delito fue Miguel Ruiz Hern\u00e1ndez, Jes\u00fas Ruiz Hern\u00e1ndez y Pablo Cruz Guzm\u00e1n, Juan \u00c1lvaro y Manuel Jim\u00e9nez.\u201d<\/em><\/p>\n<p>Miguel fue llevado a un lugar que desconoce en el cual le estuvieron preguntando sobre unos asaltos de carretera y lo torturaron. \u00a0Sabe que estaban ah\u00ed las personas que lo se\u00f1alaron porque escuchaba a las personas que hablaban con los polic\u00edas. Escuch\u00f3 que lo se\u00f1alaban como la persona que se encargaba de detener a las personas que comet\u00edan delito (Miguel tenia el cargo de polic\u00eda comunitario). Durante la tortura los polic\u00edas le hicieron varias preguntas en relaci\u00f3n a la Otra Campa\u00f1a como : que hacia en la organizaci\u00f3n? que cargo tenia? si reconoc\u00eda a los dirigentes de la organizaci\u00f3n y quienes son los que manejan un carro estaquita blanco(el veh\u00edculo con el logotipo de la Otra Campa\u00f1a de SSB)?<\/p>\n<p><em>\u201cNo alcanzo a ubicar a donde me llevaron exactamente porque tra\u00eda el rostro cubierto, solo recuerdo que sub\u00ed unas escaleras y donde me estuvieron preguntando quienes son mis compa\u00f1eros los asaltantes, era como un patio. Contestaba en tseltal que yo no he hecho nada, la polic\u00eda me dec\u00eda que hablara hijo de la verga, que me iban a preparar una calentada. Yo respond\u00ed que me hicieran lo que quisieran porque yo no he hecho nada,. De ah\u00ed me esposaron mi mano, mis pies, taparon con pa\u00f1uelo mi boca y mis ojos. Los taparon con un trapo color negro, me desnudaron completamente. Despu\u00e9s que estaba as\u00ed me metieron una bolsa en la cabeza, me golpearon en el est\u00f3mago con culatazos de arma, y tambi\u00e9n en el pecho. Me golpeaban en la nuca y cuello con el pu\u00f1o cerrado, en este momento\u00a0 me duele el cuello y est\u00f3mago, costilla, no puedo mover bien mi cuello.\u201d<\/em><\/p>\n<p>Ah\u00ed llego un comandante \u201cChalo\u201d quien dijo a los polic\u00edas que ya no lo torturaran porque no iba a decir nada, en ese momento Miguel Ruiz\u00a0 dijo que seguramente las armas las ten\u00edan en la casa de don Juan Aguilar.<\/p>\n<p>&nbsp;<\/p>\n<p>(Nota: Ese mismo d\u00eda realizaron un operativo polic\u00edaco en la casa\u00a0 de Don Juan Aguilar, expreso politico de SSB y principal del ejido- donde detuvieron a su hijo al cual liberaron).<\/p>\n<p>&nbsp;<\/p>\n<p><em>\u201cVarias veces me metieron bolsa en la cabeza, me la quitaban para preguntar qui\u00e9nes eran mis compa\u00f1eros de asalto. De repente escuch\u00e9 que lleg\u00f3 una patrulla diciendo a los que estaban castig\u00e1ndome, que qu\u00e9 hac\u00edan conmigo?, y estas personas que llegaron empezaron a decir que iban a fabricarme mi delito como si me agarraran asaltando en el momento. Despu\u00e9s la persona que lleg\u00f3 me pregunt\u00f3 que si ten\u00eda familia dije que s\u00ed y me pregunt\u00f3 qu\u00e9 me hac\u00edan, le dije que me golpearon, ten\u00eda mucha sangre, esa persona se molest\u00f3 y se retir\u00f3, las personas que me hab\u00edan golpeado me reclamaron porque los hab\u00eda acusado y empezaron a golpearme de nuevo. Los otros estuvieron afuera de donde me golpeaban.\u201d<\/em><\/p>\n<p><strong>Traslado a Ocosingo y Fabricaci\u00f3n del delito:<\/strong><\/p>\n<p>El d\u00eda 26 de septiembre de 2011, Miguel fue trasladado al juzgado de Ocosingo y luego a la c\u00e1rcel preventiva, lugares donde le querr\u00edan obligar a auto-inculparse de un delito de asalto carretero y de robo de veh\u00edculo, bajo amenazas y tortura.<\/p>\n<p>\u201c<em>Decidieron traerme al juzgado de Ocosingo el 26 de septiembre a las 7 am. Como estaba amarrado me desat\u00e9 un poco las manos y levant\u00e9 un poco la venda de los ojos y logr\u00e9 mirar que estaban en Palenque porque vi una urban a Salto de Agua. El chofer que me llevaba en la camioneta no sab\u00eda donde quedaba Pakal N\u00e1 y pregunt\u00f3 a un taxista que lo guiara para traer a un elemento m\u00e1s, con eso asegur\u00e9 m\u00e1s que estaba en Palenque. Para ir por el elemento a Pkal N\u00e1, un elemento se fue en el taxi y cuando regresaron no cab\u00edan en el carro. Miguel Ruiz por eso fue a contratar una urban especial pero no encontr\u00f3 y se vino en la g\u00f3ndola de la camioneta y fue as\u00ed que viajamos en Ocosingo. Llegando a Xanil se pas\u00f3 un rato la patrulla y escuch\u00e9 que dijo Miguel Ruiz que pasar\u00eda a decir algo de informaci\u00f3n a la casa de Juan \u00c1lvaro. Ah\u00ed estuvimos esperando como 30 minutos.\u201d<\/em><\/p>\n<p><em>\u201cDespu\u00e9s me trajeron a la c\u00e1rcel preventiva en Ocosingo; ah\u00ed permanec\u00ed una hora y luego me sacaron, me subieron al carro no se a qu\u00e9 lugar me llevaron porque ten\u00eda tapada mi vista, ah\u00ed hab\u00eda una persona detenida quien me pregunt\u00f3, respecto de quien me preguntaron si era mi compa\u00f1ero de asalto, yo le respond\u00ed que no, no es mi compa\u00f1ero ni tampoco asalto. Los polic\u00edas nos chocaron nuestras cabezas. No tard\u00e9 ah\u00ed con esa persona, me subieron en la misma patrulla que en la que me hab\u00edan trasladado, ah\u00ed me dijeron que mi estaquita nissan es robada, yo les dije que no tengo carro, que si lo tuviera no estar\u00eda trabajando en otro lado, yo no he hecho nada, nunca me han agarrado robando. Despu\u00e9s de eso me llevaron a la preventiva donde est\u00e1n los judiciales,\u00a0 me mostraron seg\u00fan las armas que yo utilizaba para asaltar, me dieron una patada bien fuerte en mis nalgas y sent\u00ed que me zafaron mis huesitos, me dieron 2 patadas bien fuertes. En ese momento me dieron a que me agarrara un arma y me tomaron fotos, posteriormente lleg\u00f3 un federal de caminos que dijeron donde est\u00e1 la persona que fue balaceado en banco de grava el 26 de julio, yo le respond\u00ed que no se y no conozco porque me dedico a trabajar \u00fanicamente. Me dijo que yo dijera que he robado un estaquita nissan con placas DF, me mostraba el carro yo le dije que no tengo carro. Tard\u00e9 como 2 horas ah\u00ed oblig\u00e1ndome a decir que yo rob\u00e9 la nissan y que son mis armas, me tomaban foto y me dec\u00edan que todas las armas utilizo para robar carretera y as\u00ed fue que me trajeron a la carcel preventiva\u201d<\/em><\/p>\n<p><strong>Declaraci\u00f3n:<\/strong><\/p>\n<p>En la ma\u00f1ana del dia 27 de septiembre, Miguel fue presentado anta la Fiscalia donde le obligaron a firmar unos documentos sin ver el contenido y de ahi trasladado al CERSS N\u00b0 16 de Ocosingo.<\/p>\n<p><em>\u201cEl d\u00eda 27 de septiembre como a las 10 am me llevaron a la Fiscal\u00eda por donde est\u00e1 Electra. Me hicieron firmar unos documentos sin ver cu\u00e1l era su contenido, eran varias hojas, un Lic. de la Fiscal\u00eda Ind\u00edgena me pidi\u00f3 que firmara unos documentos que eran del carro y como ten\u00eda tapado mi ojo, firm\u00e9. El abogado de la Fiscal\u00eda Ind\u00edgena me acompa\u00f1\u00f3 en la patrulla para traerme al CERSS Ocosingo y lleg\u00f3 a informar que yo asalt\u00e9 tramo carretero ocosingo-Agua Azul y que rob\u00e9 un veh\u00edculo por eso me quedo aqu\u00ed. Yo le dije en tseltal tu eres abogado gracias por culparme de esto que no hice y tambi\u00e9n gracias a los que me se\u00f1alan. Asi fue que qued\u00e9 aqu\u00ed.\u201d<\/em><\/p>\n<p><strong>Acusaci\u00f3n:<\/strong><\/p>\n<p>Miguel se encuentra actualmente recluido en el CERSS N\u00b016 de Ocosingo y esta acusado de los siguientes delitos: Robo de veh\u00edculo, Asalto y Portaci\u00f3n de armas.<\/p>\n","protected":false},"excerpt":{"rendered":"<p>Miguel Vazquez Deara fue detenido el d\u00eda 25 de septiembre de 2011, alrededor de las 12:00pm, en los transportes El Volc\u00e1n, Palenque. Ese d\u00eda llegaron unos polic\u00edas, le taparon la cara y se lo llevaron sin ning\u00fan motivo. Miguel fue se\u00f1alado en el momento de su detenci\u00f3n por ejidatarios oficialistas de SSB quienes iban junto&hellip;<\/p>\n","protected":false},"author":5288,"featured_media":0,"parent":234,"menu_order":0,"comment_status":"closed","ping_status":"closed","template":"","meta":{"footnotes":""},"class_list":["post-217","page","type-page","status-publish","hentry"],"_links":{"self":[{"href":"https:\/\/foroporlalibertad.noblogs.org\/index.php?rest_route=\/wp\/v2\/pages\/217","targetHints":{"allow":["GET"]}}],"collection":[{"href":"https:\/\/foroporlalibertad.noblogs.org\/index.php?rest_route=\/wp\/v2\/pages"}],"about":[{"href":"https:\/\/foroporlalibertad.noblogs.org\/index.php?rest_route=\/wp\/v2\/types\/page"}],"author":[{"embeddable":true,"href":"https:\/\/foroporlalibertad.noblogs.org\/index.php?rest_route=\/wp\/v2\/users\/5288"}],"replies":[{"embeddable":true,"href":"https:\/\/foroporlalibertad.noblogs.org\/index.php?rest_route=%2Fwp%2Fv2%2Fcomments&post=217"}],"version-history":[{"count":2,"href":"https:\/\/foroporlalibertad.noblogs.org\/index.php?rest_route=\/wp\/v2\/pages\/217\/revisions"}],"predecessor-version":[{"id":253,"href":"https:\/\/foroporlalibertad.noblogs.org\/index.php?rest_route=\/wp\/v2\/pages\/217\/revisions\/253"}],"up":[{"embeddable":true,"href":"https:\/\/foroporlalibertad.noblogs.org\/index.php?rest_route=\/wp\/v2\/pages\/234"}],"wp:attachment":[{"href":"https:\/\/foroporlalibertad.noblogs.org\/index.php?rest_route=%2Fwp%2Fv2%2Fmedia&parent=217"}],"curies":[{"name":"wp","href":"https:\/\/api.w.org\/{rel}","templated":true}]}}