{"id":279,"date":"2012-06-05T15:20:22","date_gmt":"2012-06-05T20:20:22","guid":{"rendered":"http:\/\/foroporlalibertad.noblogs.org\/?page_id=279"},"modified":"2012-06-05T16:01:25","modified_gmt":"2012-06-05T21:01:25","slug":"alvaro-sebastian-rami%cc%81rez","status":"publish","type":"page","link":"https:\/\/foroporlalibertad.noblogs.org\/?page_id=279","title":{"rendered":"Alvaro Sebastian Rami\u0301rez"},"content":{"rendered":"<p><strong>Todas las informaciones sobre el caso de Alvaro se pueden encontrar a esta pagina:<\/strong><\/p>\n<p><a href=\"http:\/\/lavozdelosxiches.blogspot.mx\/\" target=\"_blank\">http:\/\/lavozdelosxiches.blogspot.mx\/<\/a><\/p>\n<p>&nbsp;<\/p>\n<p><strong>Nombre:<\/strong> Alvaro Sebasti\u00e1n Ram\u00edrez<a href=\"https:\/\/foroporlalibertad.noblogs.org\/files\/2012\/06\/alvaro-word.jpg\"><img loading=\"lazy\" decoding=\"async\" class=\"alignright size-medium wp-image-286\" src=\"https:\/\/foroporlalibertad.noblogs.org\/files\/2012\/06\/alvaro-word-276x300.jpg\" alt=\"\" width=\"276\" height=\"300\" srcset=\"https:\/\/foroporlalibertad.noblogs.org\/files\/2012\/06\/alvaro-word-276x300.jpg 276w, https:\/\/foroporlalibertad.noblogs.org\/files\/2012\/06\/alvaro-word-92x100.jpg 92w, https:\/\/foroporlalibertad.noblogs.org\/files\/2012\/06\/alvaro-word-138x150.jpg 138w, https:\/\/foroporlalibertad.noblogs.org\/files\/2012\/06\/alvaro-word.jpg 295w\" sizes=\"auto, (max-width: 276px) 100vw, 276px\" \/><\/a><\/p>\n<p><strong>Expediente:<\/strong> 39\/1996 Juzgado Octavo de Distrito<\/p>\n<p><strong>Organizaci\u00f3n:<\/strong> La voz de los Zapotecos Xiches en prisi\u00f3n \/ Caso Loxicha.<\/p>\n<p><strong>Estado, regi\u00f3n, localidad:<\/strong> San Agust\u00edn Loxicha, Pochutla, Oaxaca. \/ Regi\u00f3n Loxicha.<\/p>\n<p><strong>Penal en el que se encuentra:<\/strong> Penitenciar\u00eda Central de Santa Mar\u00eda Ixcotel, Oaxaca.<\/p>\n<p><strong>Fecha de ingreso al penal:<\/strong> 26 de diciembre de 1997.<\/p>\n<p><strong>Motivos de encarcelamiento:<\/strong> Acusado de pertenecer al Ej\u00e9rcito Popular Revolucionario EPR.<\/p>\n<p><strong>Cargos que se le atribuyen:<\/strong> Homicidio calificado, homicidio en grado de tentativa, terrorismo y conspiraci\u00f3n.<\/p>\n<p><strong>Nota<\/strong>:<br \/>\nFue detenido el 15 de diciembre de 1997 en el centro de la ciudad de Oaxaca y fue presentado como integrante del Ej\u00e9rcito Popular Revolucionario EPR hasta el 26 de diciembre con huellas visibles de tortura. Permaneci\u00f3 desaparecido durante 11 d\u00edas en los que \u00e9l mismo narra que lo mantuvieron en una casa de seguridad o c\u00e1rcel clandestina.<\/p>\n","protected":false},"excerpt":{"rendered":"<p>Todas las informaciones sobre el caso de Alvaro se pueden encontrar a esta pagina: http:\/\/lavozdelosxiches.blogspot.mx\/ &nbsp; Nombre: Alvaro Sebasti\u00e1n Ram\u00edrez Expediente: 39\/1996 Juzgado Octavo de Distrito Organizaci\u00f3n: La voz de los Zapotecos Xiches en prisi\u00f3n \/ Caso Loxicha. Estado, regi\u00f3n, localidad: San Agust\u00edn Loxicha, Pochutla, Oaxaca. \/ Regi\u00f3n Loxicha. Penal en el que se encuentra:&hellip;<\/p>\n","protected":false},"author":5288,"featured_media":0,"parent":234,"menu_order":0,"comment_status":"closed","ping_status":"closed","template":"","meta":{"footnotes":""},"class_list":["post-279","page","type-page","status-publish","hentry"],"_links":{"self":[{"href":"https:\/\/foroporlalibertad.noblogs.org\/index.php?rest_route=\/wp\/v2\/pages\/279","targetHints":{"allow":["GET"]}}],"collection":[{"href":"https:\/\/foroporlalibertad.noblogs.org\/index.php?rest_route=\/wp\/v2\/pages"}],"about":[{"href":"https:\/\/foroporlalibertad.noblogs.org\/index.php?rest_route=\/wp\/v2\/types\/page"}],"author":[{"embeddable":true,"href":"https:\/\/foroporlalibertad.noblogs.org\/index.php?rest_route=\/wp\/v2\/users\/5288"}],"replies":[{"embeddable":true,"href":"https:\/\/foroporlalibertad.noblogs.org\/index.php?rest_route=%2Fwp%2Fv2%2Fcomments&post=279"}],"version-history":[{"count":6,"href":"https:\/\/foroporlalibertad.noblogs.org\/index.php?rest_route=\/wp\/v2\/pages\/279\/revisions"}],"predecessor-version":[{"id":288,"href":"https:\/\/foroporlalibertad.noblogs.org\/index.php?rest_route=\/wp\/v2\/pages\/279\/revisions\/288"}],"up":[{"embeddable":true,"href":"https:\/\/foroporlalibertad.noblogs.org\/index.php?rest_route=\/wp\/v2\/pages\/234"}],"wp:attachment":[{"href":"https:\/\/foroporlalibertad.noblogs.org\/index.php?rest_route=%2Fwp%2Fv2%2Fmedia&parent=279"}],"curies":[{"name":"wp","href":"https:\/\/api.w.org\/{rel}","templated":true}]}}