{"id":303,"date":"2012-06-06T12:32:24","date_gmt":"2012-06-06T17:32:24","guid":{"rendered":"http:\/\/foroporlalibertad.noblogs.org\/?page_id=303"},"modified":"2012-06-06T12:58:51","modified_gmt":"2012-06-06T17:58:51","slug":"archivo-foro","status":"publish","type":"page","link":"https:\/\/foroporlalibertad.noblogs.org\/?page_id=303","title":{"rendered":"Archivo Foro"},"content":{"rendered":"<p>En esta pagina pueden encontrar los materiales relacionados con el \u00abForo contra la prisi\u00f3n pol\u00edtica y por la libertad de Alberto Patisht\u00e1n\u00bb, que se llev\u00f3 acabo en los espacios del CIDECI_Unitierra el 12 y 13 de mayo de 2012 en San Crist\u00f3bal de Las Casas, Chiapas.<\/p>\n<p><a href=\"https:\/\/foroporlalibertad.noblogs.org\/?page_id=305\"><strong>Convocatoria<\/strong><\/a><a href=\"https:\/\/foroporlalibertad.noblogs.org\/files\/2012\/06\/foropresos2012_web.jpg\"><img loading=\"lazy\" decoding=\"async\" class=\"alignright size-medium wp-image-309\" src=\"https:\/\/foroporlalibertad.noblogs.org\/files\/2012\/06\/foropresos2012_web-212x300.jpg\" alt=\"\" width=\"212\" height=\"300\" srcset=\"https:\/\/foroporlalibertad.noblogs.org\/files\/2012\/06\/foropresos2012_web-212x300.jpg 212w, https:\/\/foroporlalibertad.noblogs.org\/files\/2012\/06\/foropresos2012_web-70x100.jpg 70w, https:\/\/foroporlalibertad.noblogs.org\/files\/2012\/06\/foropresos2012_web-106x150.jpg 106w, https:\/\/foroporlalibertad.noblogs.org\/files\/2012\/06\/foropresos2012_web.jpg 600w\" sizes=\"auto, (max-width: 212px) 100vw, 212px\" \/><\/a><\/p>\n<p><a href=\"https:\/\/foroporlalibertad.noblogs.org\/?page_id=311\"><strong>Cartel y capsula radio<\/strong><\/a><\/p>\n<p><a href=\"https:\/\/foroporlalibertad.noblogs.org\/?page_id=317\"><strong>Programa<\/strong><\/a><\/p>\n<p><a href=\"https:\/\/foroporlalibertad.noblogs.org\/?page_id=322\"><strong>Pronunciamiento final del Foro<\/strong><\/a><\/p>\n<p><a href=\"https:\/\/foroporlalibertad.noblogs.org\/?page_id=326\"><strong>Audios Foro<\/strong><\/a><\/p>\n<p><a href=\"https:\/\/foroporlalibertad.noblogs.org\/?page_id=331\"><strong>V\u00eddeos Foro<\/strong><\/a><\/p>\n","protected":false},"excerpt":{"rendered":"<p>En esta pagina pueden encontrar los materiales relacionados con el \u00abForo contra la prisi\u00f3n pol\u00edtica y por la libertad de Alberto Patisht\u00e1n\u00bb, que se llev\u00f3 acabo en los espacios del CIDECI_Unitierra el 12 y 13 de mayo de 2012 en San Crist\u00f3bal de Las Casas, Chiapas. Convocatoria Cartel y capsula radio Programa Pronunciamiento final del&hellip;<\/p>\n","protected":false},"author":5288,"featured_media":0,"parent":0,"menu_order":0,"comment_status":"closed","ping_status":"open","template":"","meta":{"footnotes":""},"class_list":["post-303","page","type-page","status-publish","hentry"],"_links":{"self":[{"href":"https:\/\/foroporlalibertad.noblogs.org\/index.php?rest_route=\/wp\/v2\/pages\/303","targetHints":{"allow":["GET"]}}],"collection":[{"href":"https:\/\/foroporlalibertad.noblogs.org\/index.php?rest_route=\/wp\/v2\/pages"}],"about":[{"href":"https:\/\/foroporlalibertad.noblogs.org\/index.php?rest_route=\/wp\/v2\/types\/page"}],"author":[{"embeddable":true,"href":"https:\/\/foroporlalibertad.noblogs.org\/index.php?rest_route=\/wp\/v2\/users\/5288"}],"replies":[{"embeddable":true,"href":"https:\/\/foroporlalibertad.noblogs.org\/index.php?rest_route=%2Fwp%2Fv2%2Fcomments&post=303"}],"version-history":[{"count":9,"href":"https:\/\/foroporlalibertad.noblogs.org\/index.php?rest_route=\/wp\/v2\/pages\/303\/revisions"}],"predecessor-version":[{"id":329,"href":"https:\/\/foroporlalibertad.noblogs.org\/index.php?rest_route=\/wp\/v2\/pages\/303\/revisions\/329"}],"wp:attachment":[{"href":"https:\/\/foroporlalibertad.noblogs.org\/index.php?rest_route=%2Fwp%2Fv2%2Fmedia&parent=303"}],"curies":[{"name":"wp","href":"https:\/\/api.w.org\/{rel}","templated":true}]}}