{"id":305,"date":"2012-06-06T12:33:37","date_gmt":"2012-06-06T17:33:37","guid":{"rendered":"http:\/\/foroporlalibertad.noblogs.org\/?page_id=305"},"modified":"2012-06-06T12:33:37","modified_gmt":"2012-06-06T17:33:37","slug":"convocatoria-del-foro","status":"publish","type":"page","link":"https:\/\/foroporlalibertad.noblogs.org\/?page_id=305","title":{"rendered":"Convocatoria del Foro"},"content":{"rendered":"<p align=\"center\"><strong>La Red contra la Represi\u00f3n y por la Solidaridad (RvsR) convoca al:<\/strong><\/p>\n<p align=\"center\"><strong>\u00a0<\/strong><\/p>\n<p align=\"center\"><strong>FORO CONTRA LA PRISION POLITICA\u00a0 Y POR LA LIBERTAD DE ALBERTO PATISHT\u00c1N<\/strong><\/p>\n<p align=\"center\"><strong>12 y 13 de Mayo de 2012<\/strong><\/p>\n<p align=\"center\"><strong>Cideci \u2013 Unitierra, San Crist\u00f3bal de Las Casas, Chiapas<\/strong><\/p>\n<p>El preso pol\u00edtico Alberto Patisht\u00e1n G\u00f3mez es ind\u00edgena tsotsil y fue sentenciado injustamente a 60 a\u00f1os de c\u00e1rcel, ya lleva casi 12 a\u00f1os secuestrado por las autoridades mexicanas. Es miembro de la organizaci\u00f3n La Voz del Amate y se encuentra actualmente en el penal de m\u00e1xima seguridad de Guasave, Sinaloa, desde el 20 de octubre del 2011, fecha en la cual fue trasladado de manera arbitraria mientras se encontraba en una acci\u00f3n de ayuno y huelga de hambre junto con sus compa\u00f1eros de lucha en Chiapas.<\/p>\n<p>Por ello pensamos que Alberto representa una figura emblem\u00e1tica que lucha contra la injusticia en las c\u00e1rceles, pero sabemos que hay mucha mas represi\u00f3n pol\u00edtica en el pa\u00eds, la cual queremos visibilizar en este foro. Creemos que el profesor Alberto Patisht\u00e1n podr\u00eda ser el caso paradigm\u00e1tico que refleja la injusticia en M\u00e9xico y alrededor del cual construir una red de lucha y una movilizaci\u00f3n nacional e internacional.<\/p>\n<p>Invitamos a las organizaciones civiles y sociales, a los colectivos y a las personas a participar a este foro para conocer e intercambiar experiencias de lucha para conseguir la libertad de lxs presxs politicxs, con el fin de construir <strong>un<\/strong><strong> calendario de lucha<\/strong> nacional por la libertad y el regreso a Chiapas del profesor Alberto Patisht\u00e1n G\u00f3mez, y para integrar a las diferentes campa\u00f1as y movilizaciones que se llevan adelante e todo el pa\u00eds para sacar nuestr@s pres@s.<\/p>\n<p>&nbsp;<\/p>\n<p><strong>Programa:<\/strong><\/p>\n<p><strong>* <\/strong><strong>12 de Mayo:<\/strong> Ponencias de diversos actores sociales que luchan en M\u00e9xico por la libertad de lxs presxs pol\u00edticxs y contra la prisi\u00f3n. Recuento de experiencias locales para compartir y construir un diagnostico colectivo desde el movimiento social.<\/p>\n<p><em>Este d\u00eda est\u00e1 abierto al p\u00fablico.<\/em><\/p>\n<p>* <strong>13 de Mayo: <\/strong>Mesas de trabajo con tem\u00e1ticas definidas para compartir experiencias y construir un \u201cCalendario de lucha contra la prisi\u00f3n pol\u00edtica y por la libertad de Alberto Patisht\u00e1n\u201d<\/p>\n<p><em>Este d\u00eda es de car\u00e1cter de trabajo interno, y solamente podr\u00e1n participar organizaciones e individuos adherentes a la Otra Campa\u00f1a o otras organizaciones <\/em><em>simpatizantes<\/em><em> <\/em><em>que se registren en buen tiempo antes del foro.<\/em><\/p>\n<p>&nbsp;<\/p>\n<p>Para facilitar la construcci\u00f3n de dicho encuentro, favor de confirmar su asistencia lo antes posible llenando el formato en la pagina <a href=\"https:\/\/foroporlalibertad.noblogs.org\/?cat=7\" target=\"_blank\">REGISTRO<\/a> de este blog.<\/p>\n<p align=\"center\"><strong>\u00a1CONTRA EL DESPOJO Y LA REPRESI\u00d3N: LA SOLIDARIDAD!<\/strong><br \/>\n<strong> Red Contra la Represi\u00f3n y por la Solidaridad<\/strong><\/p>\n<p>\u00a0Contacto para este foro: <a href=\"mailto:foro.presxs@gmail.com\">foro.presxs@gmail.com<\/a><\/p>\n<p>Tel\u00e9fono: 55 78 07 75 y 55 78 47 11<\/p>\n<p>Direcci\u00f3n: Dr. Carmona y Valle # 32, colonia Doctores, Del. Cuauht\u00e9moc, M\u00e9xico D. F. C.P. 06720<\/p>\n","protected":false},"excerpt":{"rendered":"<p>La Red contra la Represi\u00f3n y por la Solidaridad (RvsR) convoca al: \u00a0 FORO CONTRA LA PRISION POLITICA\u00a0 Y POR LA LIBERTAD DE ALBERTO PATISHT\u00c1N 12 y 13 de Mayo de 2012 Cideci \u2013 Unitierra, San Crist\u00f3bal de Las Casas, Chiapas El preso pol\u00edtico Alberto Patisht\u00e1n G\u00f3mez es ind\u00edgena tsotsil y fue sentenciado injustamente a&hellip;<\/p>\n","protected":false},"author":5288,"featured_media":0,"parent":303,"menu_order":0,"comment_status":"closed","ping_status":"open","template":"","meta":{"footnotes":""},"class_list":["post-305","page","type-page","status-publish","hentry"],"_links":{"self":[{"href":"https:\/\/foroporlalibertad.noblogs.org\/index.php?rest_route=\/wp\/v2\/pages\/305","targetHints":{"allow":["GET"]}}],"collection":[{"href":"https:\/\/foroporlalibertad.noblogs.org\/index.php?rest_route=\/wp\/v2\/pages"}],"about":[{"href":"https:\/\/foroporlalibertad.noblogs.org\/index.php?rest_route=\/wp\/v2\/types\/page"}],"author":[{"embeddable":true,"href":"https:\/\/foroporlalibertad.noblogs.org\/index.php?rest_route=\/wp\/v2\/users\/5288"}],"replies":[{"embeddable":true,"href":"https:\/\/foroporlalibertad.noblogs.org\/index.php?rest_route=%2Fwp%2Fv2%2Fcomments&post=305"}],"version-history":[{"count":1,"href":"https:\/\/foroporlalibertad.noblogs.org\/index.php?rest_route=\/wp\/v2\/pages\/305\/revisions"}],"predecessor-version":[{"id":306,"href":"https:\/\/foroporlalibertad.noblogs.org\/index.php?rest_route=\/wp\/v2\/pages\/305\/revisions\/306"}],"up":[{"embeddable":true,"href":"https:\/\/foroporlalibertad.noblogs.org\/index.php?rest_route=\/wp\/v2\/pages\/303"}],"wp:attachment":[{"href":"https:\/\/foroporlalibertad.noblogs.org\/index.php?rest_route=%2Fwp%2Fv2%2Fmedia&parent=305"}],"curies":[{"name":"wp","href":"https:\/\/api.w.org\/{rel}","templated":true}]}}