{"id":317,"date":"2012-06-06T12:47:51","date_gmt":"2012-06-06T17:47:51","guid":{"rendered":"http:\/\/foroporlalibertad.noblogs.org\/?page_id=317"},"modified":"2012-06-06T12:47:51","modified_gmt":"2012-06-06T17:47:51","slug":"programa-del-foro","status":"publish","type":"page","link":"https:\/\/foroporlalibertad.noblogs.org\/?page_id=317","title":{"rendered":"Programa del Foro"},"content":{"rendered":"<div>\n<p><strong>Programa del Foro:<\/strong><\/p>\n<p><em>S\u00e1bado 12 de mayo del 2012.<\/em><\/p>\n<p>Ponencias de diversos actores sociales que luchan en M\u00e9xico por la libertad de lxs presxs pol\u00edticxs y contra la prisi\u00f3n. Recuento de experiencias locales para compartir y construir un diagnostico colectivo desde el movimiento social.<\/p>\n<p>Este d\u00eda est\u00e1 abierto al p\u00fablico, registrarse porfa en el auditorio<\/p>\n<p>Moderador en la ma\u00f1ana: Frayba<\/p>\n<p>09:00 am Registro<\/p>\n<p>10:30 am Presentaci\u00f3n del Foro<\/p>\n<p>1\u00b0 ponencia \u2013 Presentacion del caso de Alberto Patishtan por el Centro de Derechos Humanos Frayba<\/p>\n<p>2\u00b0 ponencia \u2013 El caso de Alberto por Gabriela Patisht\u00e1n<\/p>\n<p>3\u00b0 ponencia \u2013 Los Solidarios de La Voz del Amate, Andr\u00e9s y Jos\u00e9 ex-presos<\/p>\n<p>4\u00b0 ponencia \u2013 La comunidad del bosque, al lado del profe patisht\u00e1n<\/p>\n<p>5\u00b0 ponencia \u2013 Rosa L\u00f3pez y la condici\u00f2n de las mujeres presas<\/p>\n<p>6\u00b0 ponencia \u2013 Represi\u00f3n en San Sebastian Bachajon<\/p>\n<p>7\u00b0 Ponencia \u2013 El hostigamiento en la zona Costa, Chiapas<\/p>\n<p>2:00 pm Comida<\/p>\n<p>\u2014\u2014\u2014\u2014\u2014\u2014<\/p>\n<p>Moderadora en la tarde: Concepcion Suarez<\/p>\n<p>3.00 pm<\/p>\n<p>8\u00b0 ponencia \u2013 El impacto de los penales de maxima seguridad, por el Colectivo Ik<\/p>\n<p>9\u00b0 ponencia \u2013 Prisi\u00f3n pol\u00edtica, por Cruz Negra Anarquista<\/p>\n<p>10\u00b0 ponencia \u2013 La Campa\u00f1a contra la Represi\u00f3n Pol\u00edtica y la Tortura Sexual<\/p>\n<p>11\u00b0 ponencia \u2013 El caso de Abraham Ramirez Vazquez del Codedi-Xanica (AMZ), Oaxaca<\/p>\n<p>12\u00b0 ponencia \u2013 El caso de Victor Herrera Govea, ex-preso, DF<\/p>\n<p>13\u00b0 ponencia \u2013 La situaci\u00f3n de los presos de Guerrero, tadeco<\/p>\n<p>14\u00b0 ponencia \u2013 El caso de \u00c1lvaro Sebasti\u00e1n Ram\u00edrez, preso pol\u00edtico loxicha, Oaxaca<\/p>\n<p>15\u00b0 ponencia \u2013 La digna lucha de Atenco<\/p>\n<p>16\u00b0 ponencia \u2013 Desde Nueva York, un video-mensaje por el Movimiento por Justicia del Barrio.<\/p>\n<p>7.30 pm Cierre de la Red Contra la Repressi\u00f3n y por la Solidariedad<\/p>\n<p><em>Domingo 13 de mayo del 2012.<\/em><\/p>\n<p>Mesas de trabajo con tem\u00e1ticas definidas para compartir experiencias y construir un \u201c<strong>Calendario de lucha contra la prisi\u00f3n pol\u00edtica y por la libertad de Alberto Patisht\u00e1n<\/strong>\u201d<\/p>\n<p>Este d\u00eda es de car\u00e1cter de trabajo interno, y solamente podr\u00e1n participar organizaciones e individuos adherentes a la Otra Campa\u00f1a o invitados\/as.<\/p>\n<p>Un\/a relator\/a y un\/a moderador\/a en cada mesa.<\/p>\n<p>9.00 am Registro de los ultimos participantes\/ presentaci\u00f3n de las mesas<\/p>\n<p>9.30 am Trabajo en las diferentes mesas. Debate y propuestas.<\/p>\n<p><strong>Acci\u00f3n<\/strong>: presentar un abanico de acciones y movilizaciones posibles a nivel local, nacional e internacional, tanto para presionar al Gobierno Federal, que para informar a la sociedad civil. Propuestas de fechas.<\/p>\n<p><strong>Difusi\u00f3n<\/strong>: compartir herramientas e ideas para difundir la campa\u00f1a y la lucha en contra de la prisi\u00f3n pol\u00edtica. C\u00e1psulas radiof\u00f3nicas, transmisiones, carteles, pegas y calcoman\u00edas, mantas con consignas comunes, etc\u2026invitamos los y las participantes a <strong>trarer sus herramientas <\/strong>(laptops, grabadoras, camaras\u2026) para trabajar juntxs.<\/p>\n<p><strong>Fortalecimiento<\/strong>: compartir pr\u00e1cticas de solidaridad y fortalecimiento de las organizaciones en caso de represi\u00f3n, de acompa\u00f1amiento a presxs y familiares (visitas, intercambiode cartas, apoyos econ\u00f3mico).<\/p>\n<p>12.30 pm Receso<\/p>\n<p>\u2014\u2014\u2014\u2014\u2014\u2013<\/p>\n<p>13.00 pm Exposici\u00f3n mediante representantes de las mesas de trabajo de las propuestas en plenaria.<\/p>\n<p>2.00 pm Comida<\/p>\n<p>3.00 pm Asamblea sobre las propuestas y toma de acuerdos.<\/p>\n<p>16.30 pm Cierre y despedida<\/p>\n<\/div>\n","protected":false},"excerpt":{"rendered":"<p>Programa del Foro: S\u00e1bado 12 de mayo del 2012. Ponencias de diversos actores sociales que luchan en M\u00e9xico por la libertad de lxs presxs pol\u00edticxs y contra la prisi\u00f3n. Recuento de experiencias locales para compartir y construir un diagnostico colectivo desde el movimiento social. Este d\u00eda est\u00e1 abierto al p\u00fablico, registrarse porfa en el auditorio&hellip;<\/p>\n","protected":false},"author":5288,"featured_media":0,"parent":303,"menu_order":0,"comment_status":"closed","ping_status":"open","template":"","meta":{"footnotes":""},"class_list":["post-317","page","type-page","status-publish","hentry"],"_links":{"self":[{"href":"https:\/\/foroporlalibertad.noblogs.org\/index.php?rest_route=\/wp\/v2\/pages\/317","targetHints":{"allow":["GET"]}}],"collection":[{"href":"https:\/\/foroporlalibertad.noblogs.org\/index.php?rest_route=\/wp\/v2\/pages"}],"about":[{"href":"https:\/\/foroporlalibertad.noblogs.org\/index.php?rest_route=\/wp\/v2\/types\/page"}],"author":[{"embeddable":true,"href":"https:\/\/foroporlalibertad.noblogs.org\/index.php?rest_route=\/wp\/v2\/users\/5288"}],"replies":[{"embeddable":true,"href":"https:\/\/foroporlalibertad.noblogs.org\/index.php?rest_route=%2Fwp%2Fv2%2Fcomments&post=317"}],"version-history":[{"count":1,"href":"https:\/\/foroporlalibertad.noblogs.org\/index.php?rest_route=\/wp\/v2\/pages\/317\/revisions"}],"predecessor-version":[{"id":318,"href":"https:\/\/foroporlalibertad.noblogs.org\/index.php?rest_route=\/wp\/v2\/pages\/317\/revisions\/318"}],"up":[{"embeddable":true,"href":"https:\/\/foroporlalibertad.noblogs.org\/index.php?rest_route=\/wp\/v2\/pages\/303"}],"wp:attachment":[{"href":"https:\/\/foroporlalibertad.noblogs.org\/index.php?rest_route=%2Fwp%2Fv2%2Fmedia&parent=317"}],"curies":[{"name":"wp","href":"https:\/\/api.w.org\/{rel}","templated":true}]}}