{"id":322,"date":"2012-06-06T12:50:56","date_gmt":"2012-06-06T17:50:56","guid":{"rendered":"http:\/\/foroporlalibertad.noblogs.org\/?page_id=322"},"modified":"2012-06-06T12:50:56","modified_gmt":"2012-06-06T17:50:56","slug":"pronunciamiento-del-foro-contra-la-prision-politica-y-por-la-libertad-de-alberto-patishtan","status":"publish","type":"page","link":"https:\/\/foroporlalibertad.noblogs.org\/?page_id=322","title":{"rendered":"Pronunciamiento del Foro contra la prisi\u00f3n pol\u00edtica y por la libertad de Alberto Patisht\u00e1n"},"content":{"rendered":"<p>San Crist\u00f3bal de Las Casas a 14 de mayo de 2012<\/p>\n<p>Pronunciamiento del Foro contra la prisi\u00f3n pol\u00edtica y por la libertad de Alberto Patisht\u00e1n<\/p>\n<p>El pasado 12 y 13 de mayo se realiz\u00f3 en las instalaciones de CIDECI-Unitierra situado en la ciudad de San Crist\u00f3bal de Las Casas, un Foro contra la prisi\u00f3n pol\u00edtica y por la libertad de Alberto Patisht\u00e1n G\u00f3mez convocado por la Red contra la Represi\u00f3n y por la Solidaridad.<\/p>\n<p>Acudieron al Foro m\u00e1s de doscientas personas de diferentes nacionalidades y pertenecientes a m\u00e1s de 50 organizaciones, comunidades y colectivos de Mexico y de otros paises.<\/p>\n<p>A trav\u00e9s de familiares de presos y presas, y varias organizaciones, un total de 21 pres@s y expres@s fueron representados en el Foro Contra la Prision Politica y por la Libertad de Alberto Patisht\u00e1n.<\/p>\n<p>La palabra de nuestros presos y presas lleg\u00f3 a traves de ponencias realizadas por compa\u00f1er@s y familiares. Tambi\u00e9n las voces de algunos de ellos estuvieron presentes mediante grabaciones de audio, as\u00ed desde el Ceferezo, penal de m\u00e1xima seguridad Guasave Sinaloa lleg\u00f3 la palabra de Alberto Patisht\u00e1n G\u00f3mez, la de l@s Solidari@s de la Voz del Amate desde el CERSS N\u00ba 5 de San Crist\u00f3bal de Las Casas y la de M\u00e1ximo Mojica desde Guerrero. Tambi\u00e9n se mostraron video grabaciones, como el video que realizaron los compa\u00f1eros y compa\u00f1eras del Movimiento por Justicia en el Barrio de Nueva York, y se leyeron cartas de organizaciones internacionales solidarias, que aunque por distancia geografica no pudieron estar presentes, los sentimos cerca durante todo el evento. Para estas organizaciones que nos demuestran que la solidaridad no entiende de fronteras, sino que en la distancia los lazos de solidaridad se siguen tejiendo conjuntamente, les enviamos un fuerte abrazo. A Les Trois Passants de Francia, al Comit\u00e9 de Solidaridad con los Pueblos de Chiapas en Lucha (CSPCL Paris), a la Plataforma Vasca de Solidaridad con Chiapas de Euskal Herria, a la Plataforma Pirata de Italia, Suiza y M\u00e9xico y a la CGT del Estado Espa\u00f1ol.<\/p>\n<p>En este mismo sentido queremos mostrar nuestra solidaridad hacia la compa\u00f1era del Estado Espa\u00f1ol Laura G\u00f3mez de la CGT-Barcelona que desde el pasado 25 de abril se encuentra privada de libertad.<\/p>\n<p>As\u00ed como tambi\u00e9n l@s tres compa\u00f1er@s que se encuntran privad@s de libertad en Suiza y que responden a los nombres de Costa, Silvia y Billi.<\/p>\n<p>De esta manera pudimos conocer sus historias y constatar que nuestro dolor es un trazo m\u00e1s dentro del mapa represivo que dibuja el mal gobierno y las instituciones encargadas de impartir justicia. Tambi\u00e9n vimos que muchas son nuestras luchas y much@s l@s compa\u00f1er@s que estan privados de libertad por el hecho de que estas luchas son parte vital en su caminar.<\/p>\n<p>Vemos que la represi\u00f3n es una constante, es un camino que los de arriba van dibujando transfiriendole mayor o menor intensidad, pero que no cesa y es parte intr\u00ednseca de este sistema en el cual se polariza de forma extrema la violencia, siendo esta monopolio exclusivo del Estado. Vemos tambi\u00e9n que la prisi\u00f3n es un medio disuasorio que a traves del miedo ejerce un control social y pol\u00edtico. Pero que a traves del trabajo colectivo, del apoyo mutuo, del constituirnos como parte de un todo que conserva las particularidades de cada quien, hemos de superar esos miedos, hemos de vencerlos.<\/p>\n<p>As\u00ed pues en el transcurso del dia 12 de mayo se compartieron las experiencias de los siguientes casos de compa\u00f1eros y compa\u00f1eras que en su mayor\u00eda se encuentran privad@s de libertad en un contexto de prisi\u00f3n pol\u00edtica:<\/p>\n<p><strong>La Voz del Amate:<\/strong><\/p>\n<p>Alberto patisht\u00e1n G\u00f3mez, preso en el cefereso en Guasave Sinaloa<\/p>\n<p>Rosario D\u00edaz, preso en CERSS N\u00ba5 de San Crist\u00f3bal de Las Casas<\/p>\n<p><strong>Solidari@s de la Voz del Amate recluidos en el CERRS N\u00ba5:<\/strong><\/p>\n<p>Pedro L\u00f3pez<\/p>\n<p>Juan Collazo<\/p>\n<p>Alfredo L\u00f3pez<\/p>\n<p>Rosa L\u00f3pez<\/p>\n<p>Alejandro D\u00edaz<\/p>\n<p>Juan D\u00edaz<\/p>\n<p>Enrique G\u00f3mez preso en el CERSS N\u00ba14 el Amate<\/p>\n<p><strong>Base de Apoyo del EZLN<\/strong><\/p>\n<p>Francisco S\u00e1ntiz recluido en el CERRS N\u00ba5<\/p>\n<p><strong>Presos de San Sebasti\u00e1n Bachaj\u00f3n<\/strong><\/p>\n<p>Antonio Estrada recluido en el CERSS N\u00ba17 de Playas de Catazaj\u00e1<\/p>\n<p>Miguel Vazquez recluido en el CERSS N\u00ba16 de Ocosingo<\/p>\n<p>Miguel Demeza recluido en el CERSS N\u00ba14 el Amate<\/p>\n<p><strong>Pres@s en el estado de Guerrero recluid@s en el CERESO Tecpan de Galeana<\/strong><\/p>\n<p>M\u00e1ximo Mojica<\/p>\n<p>Mar\u00eda de los Angeles Hernandez<\/p>\n<p>Santiago Nazario<\/p>\n<p>La Voz de Loxicha<\/p>\n<p>Alvaro Sebastian Ram\u00edrez<\/p>\n<p><strong>Compa\u00f1erxs Expresos<\/strong><\/p>\n<p><em>CODEDI-Xanica de Oaxaca<\/em><\/p>\n<p>Abraham Ram\u00edrez<\/p>\n<p><em>Del Distrito Federal<\/em><\/p>\n<p>Victor Herrera<\/p>\n<p><em>De Atenco<\/em><\/p>\n<p>Ignacio del Valle<\/p>\n<p>Norma Jimenez<\/p>\n<p><em>Solidarios de la Voz del Amate<\/em><\/p>\n<p>Andr\u00e9s Nu\u00f1ez<\/p>\n<p>Jos\u00e9 D\u00edaz<\/p>\n<p>El dia 13 de mayo se realizaron diferentes mesas de trabajo con el fin de extructurar un calendario de lucha en torno a los ejes de prisi\u00f3n pol\u00edtica y la liberaci\u00f3n de Alberto Patisht\u00e1n, poniendo tambi\u00e9n especial atenci\u00f3n en l@ compa\u00f1er@s pres@s que fueron representad@s durante el foro.<\/p>\n<p>Estas son algunas de las acciones que se llevaran a cabo proximamente y las cuales enmarcamos dentro de la Semana Mundial por la libertad de Alberto Patisht\u00e1n y Francisco S\u00e1ntiz \u00abA tumbar las paredes del calabozo\u00bb:<\/p>\n<p>* Marcha-mitin en la cabecera municipal del Bosque el d\u00eda 18 de mayo a las 12h del d\u00eda. Mitin simultaneo por el Movimiento por la Paz con Justicia fuera la reprepresentaci\u00f3n de la casa del gobierno de Chiapas en el DF.<br \/>\n* 19 de mayo: Evento pol\u00edtico-cultural en los distintos estados, en solidaridad con las comunidades zapatistas. Tambi\u00e9n se abordar\u00e1 la prisi\u00f3n pol\u00edtica.<br \/>\n* Pase de video del colectivo Koman Ilel sobre Alberto Patisht\u00e1n.<br \/>\n* Acto de solidaridad en la comunidad de Cruzt\u00f3n.<br \/>\n* Acto de Solidaridad en el Pueblo organizado San Francisco.<br \/>\n* Acto de Solidaridad en Candelaria el Alto.<br \/>\n* Mitin informativo sobre comunidades zapatistas y pres@s pol\u00edtic@s en Bellas Artes ciudad de M\u00e9xico, el mismo 19 de junio como parte de esta acci\u00f3n. En San Crist\u00f3bal de las Casas a las 18 horas en el Paliacate.<br \/>\n* 19 de mayo: Evento en solidaridad con las comunidades zapatistas y por la libertad de Patisht\u00e1n en Oaxaca.<br \/>\n* Dislocada nacional e internacional el 19 de junio para exigir la libertad de Alberto Patisht\u00e1n.<br \/>\n* Dislocada nacional e internacional en septiembre- octubre.<br \/>\n* Campa\u00f1a nacional e internacional de pronunciamientos para exigir la libertad de l@s pres@s pol\u00edticos y denunciar violaciones de derechos humanos.<br \/>\n* Caravana de visitas y denuncia en los penales donde est\u00e1n nuestr@s pres@s.<\/p>\n<p>Tambi\u00e9n se ha creado un blog donde se podr\u00e1 dar continuidad a nuestr@s pres@s pol\u00edtic@s.<\/p>\n<p>La direcci\u00f3n del blog es: <strong>foroporlalibertad.noblogs.org<\/strong><\/p>\n<p>Por otra parte queremos remarcar la importancia de no dejar en el olvido a l@s compa\u00f1er@s que est\u00e1n en prisi\u00f3n, ell@s constituyen una parte important\u00edsima de nuestra lucha y nuestro caminar.<\/p>\n<p>Nuestro compromiso es con los de abajo, con los desposeidos, y la prisi\u00f3n es una maquila que trabaja incesantemente para tratar de despojarnos de nosotros mismos, de nuestra identidad, de nuestra historia. Esa es la lucha diaria de nuestr@s pres@s, y tambi\u00e9n de la nuestra ya que ell@s son la representaci\u00f3n de un compromiso inalterable.<\/p>\n<p><strong>\u00a1Libertad a l@s pres@s pol\u00edtic@s!<\/strong><\/p>\n<p><strong>\u00a1Libertad a Alberto Patisht\u00e1n G\u00f3mez!<\/strong><\/p>\n<p><strong>\u00a1Viva el EZLN!<\/strong><\/p>\n<p><strong>\u00a1Libertad a Francisco Santis L\u00f3pez!<\/strong><\/p>\n<p><strong>\u00a1Si nos tocan a unx, nos tocan a todxs!<\/strong><\/p>\n","protected":false},"excerpt":{"rendered":"<p>San Crist\u00f3bal de Las Casas a 14 de mayo de 2012 Pronunciamiento del Foro contra la prisi\u00f3n pol\u00edtica y por la libertad de Alberto Patisht\u00e1n El pasado 12 y 13 de mayo se realiz\u00f3 en las instalaciones de CIDECI-Unitierra situado en la ciudad de San Crist\u00f3bal de Las Casas, un Foro contra la prisi\u00f3n pol\u00edtica&hellip;<\/p>\n","protected":false},"author":5288,"featured_media":0,"parent":303,"menu_order":0,"comment_status":"closed","ping_status":"open","template":"","meta":{"footnotes":""},"class_list":["post-322","page","type-page","status-publish","hentry"],"_links":{"self":[{"href":"https:\/\/foroporlalibertad.noblogs.org\/index.php?rest_route=\/wp\/v2\/pages\/322","targetHints":{"allow":["GET"]}}],"collection":[{"href":"https:\/\/foroporlalibertad.noblogs.org\/index.php?rest_route=\/wp\/v2\/pages"}],"about":[{"href":"https:\/\/foroporlalibertad.noblogs.org\/index.php?rest_route=\/wp\/v2\/types\/page"}],"author":[{"embeddable":true,"href":"https:\/\/foroporlalibertad.noblogs.org\/index.php?rest_route=\/wp\/v2\/users\/5288"}],"replies":[{"embeddable":true,"href":"https:\/\/foroporlalibertad.noblogs.org\/index.php?rest_route=%2Fwp%2Fv2%2Fcomments&post=322"}],"version-history":[{"count":1,"href":"https:\/\/foroporlalibertad.noblogs.org\/index.php?rest_route=\/wp\/v2\/pages\/322\/revisions"}],"predecessor-version":[{"id":323,"href":"https:\/\/foroporlalibertad.noblogs.org\/index.php?rest_route=\/wp\/v2\/pages\/322\/revisions\/323"}],"up":[{"embeddable":true,"href":"https:\/\/foroporlalibertad.noblogs.org\/index.php?rest_route=\/wp\/v2\/pages\/303"}],"wp:attachment":[{"href":"https:\/\/foroporlalibertad.noblogs.org\/index.php?rest_route=%2Fwp%2Fv2%2Fmedia&parent=322"}],"curies":[{"name":"wp","href":"https:\/\/api.w.org\/{rel}","templated":true}]}}