{"id":335,"date":"2012-06-06T13:05:49","date_gmt":"2012-06-06T18:05:49","guid":{"rendered":"http:\/\/foroporlalibertad.noblogs.org\/?page_id=335"},"modified":"2012-07-25T10:49:23","modified_gmt":"2012-07-25T15:49:23","slug":"quien-somos","status":"publish","type":"page","link":"https:\/\/foroporlalibertad.noblogs.org\/?page_id=335","title":{"rendered":"Quienes somos"},"content":{"rendered":"<div>\n<p>\u201cForo por la libertad\u201d es un espacio de informaci\u00f3n y denuncia.<\/p>\n<p>Un lugar en donde compartir ideas, luchas, creaciones artisticas, sue\u00f1os, palabras, gritos y acciones para sacar a nuestrxs presxs, rehenes del Estado, encerradxs en las mazmorras del Poder.<\/p>\n<p>En el marco del Foro contra la prisi\u00f3n pol\u00edtica y por la libertad de Alberto Patisht\u00e1n, que se llev\u00f3 acabo en los espacios del CIDECI_Unitierra el 12 y 13 de mayo de 2012 en San Crist\u00f3bal de Las Casas, Chiapas, diferentes compa\u00f1eros y compa\u00f1eras que participaron a la mesa de trabajo de comunicaci\u00f3n decidieron crear esta pagina web para construir una herramienta\/archivo com\u00fan, \u00fatil para recoger y organizar las informaciones sobre nuestrxs presxs y fortalecer la lucha por lograr su libertad.<\/p>\n<p>Entre otros, el objetivo de esta pagina es recopilar fotos e historias de los compa\u00f1eros y compa\u00f1eras rehenes y secuestrados en las prisiones de estado, as\u00ed como los y las rehenes liberados\/as con la lucha, facilitar las informaciones para construir eventos, mesas informativas, transmisiones de radio, publicaciones etc\u2026 y sobre todo visibilizar las luchas organizadas en contra de la represi\u00f3n que se dan en el marco de la Sexta Declaraci\u00f3n de la Selva Lacandona.<\/p>\n<p>Hemos trazado unos principios comunes que subyacen a este trabajo colectivo de construcci\u00f3n:<\/p>\n<ul>\n<li>visibilizar y dignificar las luchas de lxs presxs, sin instrumentalizarlas<\/li>\n<\/ul>\n<ul>\n<li>no subir informaci\u00f3n sin debida consulta a la organizaci\u00f3n que apoya el preso\/a o el preso\/a mismo\/a<\/li>\n<\/ul>\n<ul>\n<li>destacar la importancia de la certeza de la informaci\u00f3n cuando se habla de un preso o una presa pol\u00edtica<\/li>\n<\/ul>\n<ul>\n<li>denunciar la c\u00e1rcel como instrumento pol\u00edtico de dominio patriarcal, capitalista y colonial<\/li>\n<\/ul>\n<p>Las organizaciones y compa\u00f1erxs que tienen informaci\u00f3n, enlaces, material de difusi\u00f3n para trabajarlos y subirlos a la pag\u00edna pueden enviarlos a: <a href=\"mailto:foro.presos@gmail.com\">foro.presos@gmail.com<\/a><\/p>\n<\/div>\n","protected":false},"excerpt":{"rendered":"<p>\u201cForo por la libertad\u201d es un espacio de informaci\u00f3n y denuncia. Un lugar en donde compartir ideas, luchas, creaciones artisticas, sue\u00f1os, palabras, gritos y acciones para sacar a nuestrxs presxs, rehenes del Estado, encerradxs en las mazmorras del Poder. En el marco del Foro contra la prisi\u00f3n pol\u00edtica y por la libertad de Alberto Patisht\u00e1n,&hellip;<\/p>\n","protected":false},"author":5288,"featured_media":0,"parent":0,"menu_order":0,"comment_status":"closed","ping_status":"closed","template":"","meta":{"footnotes":""},"class_list":["post-335","page","type-page","status-publish","hentry"],"_links":{"self":[{"href":"https:\/\/foroporlalibertad.noblogs.org\/index.php?rest_route=\/wp\/v2\/pages\/335","targetHints":{"allow":["GET"]}}],"collection":[{"href":"https:\/\/foroporlalibertad.noblogs.org\/index.php?rest_route=\/wp\/v2\/pages"}],"about":[{"href":"https:\/\/foroporlalibertad.noblogs.org\/index.php?rest_route=\/wp\/v2\/types\/page"}],"author":[{"embeddable":true,"href":"https:\/\/foroporlalibertad.noblogs.org\/index.php?rest_route=\/wp\/v2\/users\/5288"}],"replies":[{"embeddable":true,"href":"https:\/\/foroporlalibertad.noblogs.org\/index.php?rest_route=%2Fwp%2Fv2%2Fcomments&post=335"}],"version-history":[{"count":5,"href":"https:\/\/foroporlalibertad.noblogs.org\/index.php?rest_route=\/wp\/v2\/pages\/335\/revisions"}],"predecessor-version":[{"id":383,"href":"https:\/\/foroporlalibertad.noblogs.org\/index.php?rest_route=\/wp\/v2\/pages\/335\/revisions\/383"}],"wp:attachment":[{"href":"https:\/\/foroporlalibertad.noblogs.org\/index.php?rest_route=%2Fwp%2Fv2%2Fmedia&parent=335"}],"curies":[{"name":"wp","href":"https:\/\/api.w.org\/{rel}","templated":true}]}}