{"id":351,"date":"2012-06-06T16:01:42","date_gmt":"2012-06-06T21:01:42","guid":{"rendered":"http:\/\/foroporlalibertad.noblogs.org\/?page_id=351"},"modified":"2012-06-28T13:41:11","modified_gmt":"2012-06-28T18:41:11","slug":"videos-solidarios","status":"publish","type":"page","link":"https:\/\/foroporlalibertad.noblogs.org\/?page_id=351","title":{"rendered":"V\u00eddeos solidarios"},"content":{"rendered":"<p><strong>Saludo del Foro al profe Patisht\u00e1n<\/strong><\/p>\n<p>Durante el Foro contra la pris\u00f3n pol\u00edtica y por la libertad de Alberto Patisht\u00e1n se ha grabado este peque\u00f1o v\u00eddeo-mensaje de solidariedad para el profe.<br \/>\n\u00a1LIBERTAD PARA ALBERTO PATISHT\u00c1N Y TODXS LXS PRESXS!<\/p>\n<p><iframe loading=\"lazy\" title=\"Saludo del Foro al profe Patisht\u00e1n\" width=\"500\" height=\"281\" src=\"https:\/\/www.youtube.com\/embed\/l_RferccfLI?feature=oembed\" frameborder=\"0\" allow=\"accelerometer; autoplay; clipboard-write; encrypted-media; gyroscope; picture-in-picture; web-share\" referrerpolicy=\"strict-origin-when-cross-origin\" allowfullscreen><\/iframe><\/p>\n<p>&nbsp;<\/p>\n<p><strong>Mensaje de la Junta de Buen Gobierno de Oventic por la libertad de Francisco<\/strong><\/p>\n<p>Compa\u00f1eras y compa\u00f1eros:<\/p>\n<p>Les env\u00edamos un abrazo muy fuerte desde El Barrio, Nueva York.<\/p>\n<p>Como ya mencionamos en nuestra \u00faltima correspondencia, hoy estamos muy alegres por compartir con ustedes el NUEVO mensaje que nos brind\u00f3 la Junta de Buen Gobierno de Oventic respecto al caso del preso pol\u00edtico Francisco S\u00e1ntiz L\u00f3pez. En este mensaje nuestr@s hermanas y hermanos una vez m\u00e1s reiteran su justa demanda, \u00a1que se libere a nuestro compa\u00f1ero Francisco, base de apoyo zapatista! Tambi\u00e9n afirman que lo que est\u00e1 claro es que el Gobierno de M\u00e9xico, en sus tres niveles, seguir\u00e1 violando los derechos humanos en su \u201cguerra\u201d contra nuestr@s herman@s zapatistas.<\/p>\n<p>Las palabras de nuestr@s hermanas y hermanos zapatistas siempre nos llenan de emoci\u00f3n y esperanza, por su sab\u00edduria y coraje digno. Y por eso, les pedimos que por favor dinfundan ampliamente este mensaje entre todas sus redes sociales y contactos\u2014o sea, a tod@s de buen coraz\u00f3n que luchan.<\/p>\n<p>El mensaje completo est\u00e1 disponible aqui:<\/p>\n<p><iframe loading=\"lazy\" title=\"Mensaje de la Junta de Buen Gobierno de Oventic\" width=\"500\" height=\"281\" src=\"https:\/\/www.youtube.com\/embed\/NXuVyJ5YdfA?feature=oembed\" frameborder=\"0\" allow=\"accelerometer; autoplay; clipboard-write; encrypted-media; gyroscope; picture-in-picture; web-share\" referrerpolicy=\"strict-origin-when-cross-origin\" allowfullscreen><\/iframe><\/p>\n<p>La emoci\u00f3n que hoy habita nuestro coraz\u00f3n nos hace m\u00e1s entusiasmados, y seguimos con m\u00e1s \u00e1nimo preparandonos para las acciones mundiales que est\u00e1n por realizarse en varios pa\u00edses del mundo nuestro.<\/p>\n<p>Sabemos que cada vez que nos juntamos, unificando nuestras palabras, demandas, y actos como una fuerte trenza, retamos al sistema de injusticia y generamos grietas en cada ladrillo del calabozo injusto.<\/p>\n<p>As\u00ed que queremos recordarles de nueva cuenta que nos avisen lo m\u00e1s pronto posible si participar\u00e1n en la \u201cSegunda Semana de Lucha Mundial: \u00a1A Tumbar Las Paredes del Calabozo!\u201d, que tendr\u00e1 lugar del viernes, 8 al viernes, 15 de junio.<\/p>\n<p>Muchas gracias, compas. Esperamos que les guste este nuevo mensaje de la Junta de Buen Gobierno. \u00a1Que sigamos uniendonos hasta que ganemos!<\/p>\n<p>Atentamente:<\/p>\n<p>Desde El Barrio, Nueva York.<\/p>\n<p>Movimiento por Justicia del Barrio<br \/>\nLa Otra Campa\u00f1a Nueva York<\/p>\n<p><strong>V\u00eddeo en solidaridad con Patisht\u00e1n y Francisco Santiz, la Otra Nueva York<\/strong><\/p>\n<p>V\u00eddeo en solidaridad con Patisht\u00e1n y Francisco Santiz del Movimiento por Justicia del Barrio<br \/>\nLa Otra Campa\u00f1a Nueva York.<\/p>\n<p><iframe loading=\"lazy\" title=\"\u00a1A Tumbar las Paredes del Calabozo!\" width=\"500\" height=\"281\" src=\"https:\/\/www.youtube.com\/embed\/Lj0lUahDzTs?feature=oembed\" frameborder=\"0\" allow=\"accelerometer; autoplay; clipboard-write; encrypted-media; gyroscope; picture-in-picture; web-share\" referrerpolicy=\"strict-origin-when-cross-origin\" allowfullscreen><\/iframe><\/p>\n<p><strong>Sant Andreu de Palomar manda apoyo a Alberto Patisht\u00e1n y Francisco S\u00e1ntiz L\u00f3pez<\/strong><\/p>\n<p><iframe loading=\"lazy\" title=\"Sant Andreu de Palomar manda apoyo a Alberto Patisht\u00e1n y Francisco S\u00e1ntiz L\u00f3pez\" src=\"https:\/\/player.vimeo.com\/video\/42644557?dnt=1&amp;app_id=122963\" width=\"500\" height=\"281\" frameborder=\"0\" allow=\"autoplay; fullscreen; picture-in-picture; clipboard-write\"><\/iframe><\/p>\n<p>El pueblo de Sant Andreu, nos solidarizamos y mandamos todo nuestro apoyo a los presos pol\u00edticos Alberto Patisht\u00e1n y Francisco S\u00e1ntiz y exigimos su inmediata liberaci\u00f3n y la reparaci\u00f3n del da\u00f1o a ellos, a sus familias y a sus comunidades por parte de las autoridades. Tambi\u00e9n mandamos nuestro apoyo a las comunidades zapatistas en resistencia y a las bases de apoyo del EZLN.<\/p>\n<p>Este video est\u00e1 realizado en el marco de las \u00abFiestas de la Primavera\u00bb del Ateneu l&#8217; Harmonia de Sant Andreu. <a href=\"http:\/\/ateneuharmonia.wordpress.com\/\" target=\"_blank\">ateneuharmonia.wordpress.com\/<\/a><\/p>\n<p>ha sido posible gracias al trabajo solidario y coordinado de;<\/p>\n<p>La Batonera de Sant Andreu<br \/>\nEls Diables de Sant Andreu<br \/>\nAssamblea Sant Andreu Indigna&#8217;t<br \/>\nEdpac. Educaci\u00f3 Acci\u00f3 Cr\u00edtica<\/p>\n<p>La Adhesiva, Espai de Trobada i Acci\u00f3.<br \/>\n<a href=\"http:\/\/www.adhesiva.org\/\" target=\"_blank\">adhesiva.org<\/a><\/p>\n<p>&nbsp;<\/p>\n<p><strong>V\u00eddeo en solidariedad con Patisht\u00e1n y Francisco Santis, desde Sud\u00e1frica<\/strong><\/p>\n<p>Mediante videomensaje, el Movimiento Sud\u00e1fricano de los Habitantes de Casas de Cart\u00f3n Se Solidariza a la Semana de Lucha Mundial por Patisht\u00e1n y S\u00e1ntiz L\u00f3pez: \u201cSentimos lo mismo, que tu lucha ha sido reprimida\u201d<\/p>\n<p><iframe loading=\"lazy\" title=\"Mensaje del Movimiento de Habitantes de Casas de Cart\u00f3n\" width=\"500\" height=\"281\" src=\"https:\/\/www.youtube.com\/embed\/96hJz2t2XVA?feature=oembed\" frameborder=\"0\" allow=\"accelerometer; autoplay; clipboard-write; encrypted-media; gyroscope; picture-in-picture; web-share\" referrerpolicy=\"strict-origin-when-cross-origin\" allowfullscreen><\/iframe><\/p>\n<p>&nbsp;<\/p>\n<p><strong>Mensaje del Movimiento Sin Tierra (MST) de Brasil<\/strong><\/p>\n<p><iframe loading=\"lazy\" title=\"Mensaje del Movimiento Sin Tierra (MST) de Brasil\" width=\"500\" height=\"281\" src=\"https:\/\/www.youtube.com\/embed\/-hUSCv-GPqU?feature=oembed\" frameborder=\"0\" allow=\"accelerometer; autoplay; clipboard-write; encrypted-media; gyroscope; picture-in-picture; web-share\" referrerpolicy=\"strict-origin-when-cross-origin\" allowfullscreen><\/iframe><\/p>\n<p>Un video mensaje de parte de nuestr@s compas del Movimiento Sin Tierra (MST) de Brasil, como parte de las acciones mundiales realizadas durante la Semana de Lucha Mundial. En este video, Rafael, un representante del MST, nos explica las razones porque ell@s se solidarizan con los dos presos pol\u00edticos chiapanecos y con la lucha nacional e internacional por su liberaci\u00f3n. Dice el compa\u00f1ero brasile\u00f1o que respeto al caso de Alberto, para tener una democracia verdadera es necesario formentar la educaci\u00f3n y formaci\u00f3n popular, y por tanto, defender a las personas que las promueven. Castigar a estas personas ser\u00eda un grave error en su contra y un acto irracionable e injusto. Adem\u00e1s a\u00f1ade que el hecho de que Alberto ya lleva 12 a\u00f1os es evidencia de que es muy \u201ccapaz\u201d y en s\u00ed ha hecho un \u201ctrabajo bueno\u201d para su pueblo y en contra de los intereses de los capitalistas y sus lacayos pol\u00edticos. Sobre Francisco, nuestro compa del MST indica que su movimiento tiene una \u201crelaci\u00f3n de admiraci\u00f3n y respeto\u201d a l@s Zapatistas. Sugiere, adem\u00e1s, que el encarcelamiento injusto y arbitrario se puede considerar un crimen contra la poblaci\u00f3n, contra la democracia. Existe mucha verdad en sus palabras, y por eso nos da gusto poder compartir con ustedes el videomensaje en su totalidad.<\/p>\n<p>&nbsp;<\/p>\n","protected":false},"excerpt":{"rendered":"<p>Saludo del Foro al profe Patisht\u00e1n Durante el Foro contra la pris\u00f3n pol\u00edtica y por la libertad de Alberto Patisht\u00e1n se ha grabado este peque\u00f1o v\u00eddeo-mensaje de solidariedad para el profe. \u00a1LIBERTAD PARA ALBERTO PATISHT\u00c1N Y TODXS LXS PRESXS! &nbsp; Mensaje de la Junta de Buen Gobierno de Oventic por la libertad de Francisco Compa\u00f1eras&hellip;<\/p>\n","protected":false},"author":5288,"featured_media":0,"parent":0,"menu_order":0,"comment_status":"closed","ping_status":"open","template":"","meta":{"footnotes":""},"class_list":["post-351","page","type-page","status-publish","hentry"],"_links":{"self":[{"href":"https:\/\/foroporlalibertad.noblogs.org\/index.php?rest_route=\/wp\/v2\/pages\/351","targetHints":{"allow":["GET"]}}],"collection":[{"href":"https:\/\/foroporlalibertad.noblogs.org\/index.php?rest_route=\/wp\/v2\/pages"}],"about":[{"href":"https:\/\/foroporlalibertad.noblogs.org\/index.php?rest_route=\/wp\/v2\/types\/page"}],"author":[{"embeddable":true,"href":"https:\/\/foroporlalibertad.noblogs.org\/index.php?rest_route=\/wp\/v2\/users\/5288"}],"replies":[{"embeddable":true,"href":"https:\/\/foroporlalibertad.noblogs.org\/index.php?rest_route=%2Fwp%2Fv2%2Fcomments&post=351"}],"version-history":[{"count":3,"href":"https:\/\/foroporlalibertad.noblogs.org\/index.php?rest_route=\/wp\/v2\/pages\/351\/revisions"}],"predecessor-version":[{"id":374,"href":"https:\/\/foroporlalibertad.noblogs.org\/index.php?rest_route=\/wp\/v2\/pages\/351\/revisions\/374"}],"wp:attachment":[{"href":"https:\/\/foroporlalibertad.noblogs.org\/index.php?rest_route=%2Fwp%2Fv2%2Fmedia&parent=351"}],"curies":[{"name":"wp","href":"https:\/\/api.w.org\/{rel}","templated":true}]}}